{"id":34,"date":"2021-07-26T22:42:56","date_gmt":"2021-07-26T20:42:56","guid":{"rendered":"https:\/\/www.kneipp-sachsen.de\/bad-schlema\/?page_id=34"},"modified":"2025-09-01T12:49:43","modified_gmt":"2025-09-01T10:49:43","slug":"impressum","status":"publish","type":"page","link":"https:\/\/kneipp-sachsen.de\/schoeneck\/impressum\/","title":{"rendered":"Impressum"},"content":{"rendered":"<!--themify_builder_content-->\n<div id=\"themify_builder_content-34\" data-postid=\"34\" class=\"themify_builder_content themify_builder_content-34 themify_builder tf_clear\">\n                    <div  data-lazy=\"1\" class=\"module_row themify_builder_row tb_nyw062 tb_first tf_w\">\n                        <div class=\"row_inner col_align_top tb_col_count_1 tf_box tf_rel\">\n                        <div  data-lazy=\"1\" class=\"module_column tb-column col-full tb_7guk66 first\">\n                            <div  data-lazy=\"1\" class=\"module_subrow themify_builder_sub_row tf_w col_align_top tb_col_count_1 tb_jkvi68\">\n                <div  data-lazy=\"1\" class=\"module_column sub_column col-full tb_0hgj75 first\">\n                    <!-- module fancy heading -->\n<div  class=\"module module-fancy-heading tb_g5pj77 \" data-lazy=\"1\">\n        <h2 class=\"fancy-heading tf_textl\">\n    <span class=\"main-head tf_block\">\n                    Impressum            <\/span>\n\n    \n    <span class=\"sub-head tf_block tf_rel\">\n                                <\/span>\n    <\/h2>\n<\/div>\n<!-- \/module fancy heading -->\n<!-- module text -->\n<div  class=\"module module-text tb_vxqw80   \" data-lazy=\"1\">\n    <h3 class=\"module-title\">Kneipp-Verein Sch\u00f6neck e.V.<\/h3>    <div  class=\"tb_text_wrap\">\n        <p><strong>Gesch\u00e4ftsstelle (Kontakt):<br \/><\/strong>Kneipp-Verein Sch\u00f6neck e.V.<br \/>Sonnenwirbel 3<br \/>08261 Sch\u00f6neck\/ Vogtland<br \/><br \/>Telefon: 01522 34 11 543 <br \/>E-Mail: <a href=\"mailto:schoeneck@kneipp-sachsen.de\">schoeneck@kneipp-sachsen.de<\/a><br \/>Internet: <a href=\"http:\/\/www.kneipp-Sachsen.de\/sch\u00f6neck\">www.kneipp-Sachsen.de\/sch\u00f6neck<\/a><\/p>    <\/div>\n<\/div>\n<!-- \/module text --><!-- module text -->\n<div  class=\"module module-text tb_uulr82   \" data-lazy=\"1\">\n        <div  class=\"tb_text_wrap\">\n        <p><strong>Vereinsregister:<br \/><\/strong>Amtsgericht Chemnitz, VR 61183<\/p>    <\/div>\n<\/div>\n<!-- \/module text --><!-- module text -->\n<div  class=\"module module-text tb_m4c884   \" data-lazy=\"1\">\n        <div  class=\"tb_text_wrap\">\n        <p><strong>Gesetzlich vertreten durch:<br \/><\/strong>Kerstin Weinper, Dr. Gregor D\u00f6ring<\/p>    <\/div>\n<\/div>\n<!-- \/module text --><!-- module text -->\n<div  class=\"module module-text tb_or1x87   \" data-lazy=\"1\">\n        <div  class=\"tb_text_wrap\">\n        <p><strong>Verantwortlich i.S.d. \u00a7 55 RStV:<br \/><\/strong>Kerstin Weinper<br \/>Adorfer Str. 11<br \/>08261 Sch\u00f6neck<\/p>\n<p>Kneipp-Verein Sch\u00f6neck e.V.<br \/>Sonnenwirbel 3<br \/>08261 Sch\u00f6neck<br \/>Telefon 01522 34 11 543<\/p>    <\/div>\n<\/div>\n<!-- \/module text --><!-- module text -->\n<div  class=\"module module-text tb_0e7q91   \" data-lazy=\"1\">\n        <div  class=\"tb_text_wrap\">\n        <p><strong>Realisation:<br \/><\/strong>Websites Jan Kiese<br \/>Fl\u00e4minger Ufer 20<br \/>06749 Bitterfeld-Wolfen<br \/>Tel.: 0178 8040184<br \/>E-mail: mail@jan-kiese.de<\/p>    <\/div>\n<\/div>\n<!-- \/module text --><!-- module text -->\n<div  class=\"module module-text tb_m94b93   \" data-lazy=\"1\">\n        <div  class=\"tb_text_wrap\">\n        <p><strong>Haftungsausschluss:<\/strong><br \/>Trotz sorgf\u00e4ltiger inhaltlicher Kontrolle \u00fcbernehmen wir keine Haftung f\u00fcr die Inhalte von Websites Dritter, die von dieser Website aus \u00fcber Links erreichbar sind. Der Kneipp-Bund Sachsen hat auf die Inhalte externer Websites keinen Einfluss und kann diese nicht fortlaufend \u00fcberpr\u00fcfen. Die Verantwortung liegt ausschlie\u00dflich beim Betreiber der jeweiligen Homepage.<\/p>    <\/div>\n<\/div>\n<!-- \/module text --><!-- module text -->\n<div  class=\"module module-text tb_qe7594   \" data-lazy=\"1\">\n        <div  class=\"tb_text_wrap\">\n        <p><strong>Urheberrechtshinweis:<\/strong><br \/>Alle Inhalte und Strukturen dieser Website sind urheber- und leistungs-schutzrechtlich gesch\u00fctzt. Die Ver\u00f6ffentlichung im World Wide Web oder in sonstigen Diensten des Internet bedeutet noch keine Einverst\u00e4ndniserkl\u00e4rung f\u00fcr eine anderweitige Nutzung durch Dritte.<\/p>\n<p>Wir erlauben und begr\u00fc\u00dfen ausdr\u00fccklich das Zitieren unserer Dokumente sowie das Setzen von Links auf unsere Website, solange kenntlich gemacht wird, dass es sich um Inhalte der Website des Kneipp-Bund Sachsen handelt und diese Inhalte nicht in Verbindung mit Inhalten Dritter gebracht werden, die den Interessen des Kneipp-Bund Sachsen widersprechen.<\/p>    <\/div>\n<\/div>\n<!-- \/module text --><!-- module text -->\n<div  class=\"module module-text tb_a63w96   \" data-lazy=\"1\">\n        <div  class=\"tb_text_wrap\">\n        <p><strong>Gewerbliche Schutzrechte:<\/strong><br \/>Alle innerhalb dieser Website genannten und ggf. durch Dritte gesch\u00fctzten Marken- und Warenzeichen unterliegen uneingeschr\u00e4nkt den Bestimmungen des jeweils g\u00fcltigen Kennzeichenrechts und den Rechten der jeweiligen Inhaber. Allein aufgrund der blo\u00dfen Nennung ist nicht der Schluss zu ziehen, dass Kennzeichen nicht durch Rechte Dritter gesch\u00fctzt sind.<\/p>    <\/div>\n<\/div>\n<!-- \/module text -->        <\/div>\n                    <\/div>\n                <\/div>\n                        <\/div>\n        <\/div>\n        <\/div>\n<!--\/themify_builder_content-->","protected":false},"excerpt":{"rendered":"<p>Gesch\u00e4ftsstelle (Kontakt):Kneipp-Verein Sch\u00f6neck e.V.Sonnenwirbel 308261 Sch\u00f6neck\/ VogtlandTelefon: 01522 34 11 543 E-Mail: schoeneck@kneipp-sachsen.deInternet: www.kneipp-Sachsen.de\/sch\u00f6neck<\/p>\n","protected":false},"author":2,"featured_media":0,"parent":0,"menu_order":0,"comment_status":"closed","ping_status":"closed","template":"","meta":{"footnotes":"","advanced-sidebar-menu\/link-title":"","advanced-sidebar-menu\/exclude-page":false},"class_list":["post-34","page","type-page","status-publish","hentry","has-post-title","has-post-date","has-post-category","has-post-tag","has-post-comment","has-post-author",""],"yoast_head":"<!-- This site is optimized with the Yoast SEO plugin v25.6 - https:\/\/yoast.com\/wordpress\/plugins\/seo\/ -->\n<title>Impressum - Kneipp Verein Sch\u00f6neck e.V.<\/title>\n<meta name=\"robots\" content=\"noindex, follow, max-snippet:-1, max-image-preview:large, max-video-preview:-1\" \/>\n<meta property=\"og:locale\" content=\"de_DE\" \/>\n<meta property=\"og:type\" content=\"article\" \/>\n<meta property=\"og:title\" content=\"Impressum - Kneipp Verein Sch\u00f6neck e.V.\" \/>\n<meta property=\"og:description\" content=\"Gesch\u00e4ftsstelle (Kontakt):Kneipp-Verein Sch\u00f6neck e.V.Sonnenwirbel 308261 Sch\u00f6neck\/ VogtlandTelefon: 01522 34 11 543 E-Mail: schoeneck@kneipp-sachsen.deInternet: www.kneipp-Sachsen.de\/sch\u00f6neck\" \/>\n<meta property=\"og:url\" content=\"https:\/\/kneipp-sachsen.de\/schoeneck\/impressum\/\" \/>\n<meta property=\"og:site_name\" content=\"Kneipp Verein Sch\u00f6neck e.V.\" \/>\n<meta property=\"article:modified_time\" content=\"2025-09-01T10:49:43+00:00\" \/>\n<meta name=\"twitter:card\" content=\"summary_large_image\" \/>\n<meta name=\"twitter:label1\" content=\"Gesch\u00e4tzte Lesezeit\" \/>\n\t<meta name=\"twitter:data1\" content=\"3\u00a0Minuten\" \/>\n<script type=\"application\/ld+json\" class=\"yoast-schema-graph\">{\"@context\":\"https:\/\/schema.org\",\"@graph\":[{\"@type\":\"WebPage\",\"@id\":\"https:\/\/kneipp-sachsen.de\/schoeneck\/impressum\/\",\"url\":\"https:\/\/kneipp-sachsen.de\/schoeneck\/impressum\/\",\"name\":\"Impressum - Kneipp Verein Sch\u00f6neck e.V.\",\"isPartOf\":{\"@id\":\"https:\/\/kneipp-sachsen.de\/schoeneck\/#website\"},\"datePublished\":\"2021-07-26T20:42:56+00:00\",\"dateModified\":\"2025-09-01T10:49:43+00:00\",\"breadcrumb\":{\"@id\":\"https:\/\/kneipp-sachsen.de\/schoeneck\/impressum\/#breadcrumb\"},\"inLanguage\":\"de\",\"potentialAction\":[{\"@type\":\"ReadAction\",\"target\":[\"https:\/\/kneipp-sachsen.de\/schoeneck\/impressum\/\"]}]},{\"@type\":\"BreadcrumbList\",\"@id\":\"https:\/\/kneipp-sachsen.de\/schoeneck\/impressum\/#breadcrumb\",\"itemListElement\":[{\"@type\":\"ListItem\",\"position\":1,\"name\":\"Startseite\",\"item\":\"https:\/\/kneipp-sachsen.de\/schoeneck\/\"},{\"@type\":\"ListItem\",\"position\":2,\"name\":\"Impressum\"}]},{\"@type\":\"WebSite\",\"@id\":\"https:\/\/kneipp-sachsen.de\/schoeneck\/#website\",\"url\":\"https:\/\/kneipp-sachsen.de\/schoeneck\/\",\"name\":\"Kneipp-Verein Sch\u00f6neck e.V.\",\"description\":\"Eine weitere WordPress-Website\",\"potentialAction\":[{\"@type\":\"SearchAction\",\"target\":{\"@type\":\"EntryPoint\",\"urlTemplate\":\"https:\/\/kneipp-sachsen.de\/schoeneck\/?s={search_term_string}\"},\"query-input\":{\"@type\":\"PropertyValueSpecification\",\"valueRequired\":true,\"valueName\":\"search_term_string\"}}],\"inLanguage\":\"de\"}]}<\/script>\n<!-- \/ Yoast SEO plugin. -->","yoast_head_json":{"title":"Impressum - Kneipp Verein Sch\u00f6neck e.V.","robots":{"index":"noindex","follow":"follow","max-snippet":"max-snippet:-1","max-image-preview":"max-image-preview:large","max-video-preview":"max-video-preview:-1"},"og_locale":"de_DE","og_type":"article","og_title":"Impressum - Kneipp Verein Sch\u00f6neck e.V.","og_description":"Gesch\u00e4ftsstelle (Kontakt):Kneipp-Verein Sch\u00f6neck e.V.Sonnenwirbel 308261 Sch\u00f6neck\/ VogtlandTelefon: 01522 34 11 543 E-Mail: schoeneck@kneipp-sachsen.deInternet: www.kneipp-Sachsen.de\/sch\u00f6neck","og_url":"https:\/\/kneipp-sachsen.de\/schoeneck\/impressum\/","og_site_name":"Kneipp Verein Sch\u00f6neck e.V.","article_modified_time":"2025-09-01T10:49:43+00:00","twitter_card":"summary_large_image","twitter_misc":{"Gesch\u00e4tzte Lesezeit":"3\u00a0Minuten"},"schema":{"@context":"https:\/\/schema.org","@graph":[{"@type":"WebPage","@id":"https:\/\/kneipp-sachsen.de\/schoeneck\/impressum\/","url":"https:\/\/kneipp-sachsen.de\/schoeneck\/impressum\/","name":"Impressum - Kneipp Verein Sch\u00f6neck e.V.","isPartOf":{"@id":"https:\/\/kneipp-sachsen.de\/schoeneck\/#website"},"datePublished":"2021-07-26T20:42:56+00:00","dateModified":"2025-09-01T10:49:43+00:00","breadcrumb":{"@id":"https:\/\/kneipp-sachsen.de\/schoeneck\/impressum\/#breadcrumb"},"inLanguage":"de","potentialAction":[{"@type":"ReadAction","target":["https:\/\/kneipp-sachsen.de\/schoeneck\/impressum\/"]}]},{"@type":"BreadcrumbList","@id":"https:\/\/kneipp-sachsen.de\/schoeneck\/impressum\/#breadcrumb","itemListElement":[{"@type":"ListItem","position":1,"name":"Startseite","item":"https:\/\/kneipp-sachsen.de\/schoeneck\/"},{"@type":"ListItem","position":2,"name":"Impressum"}]},{"@type":"WebSite","@id":"https:\/\/kneipp-sachsen.de\/schoeneck\/#website","url":"https:\/\/kneipp-sachsen.de\/schoeneck\/","name":"Kneipp-Verein Sch\u00f6neck e.V.","description":"Eine weitere WordPress-Website","potentialAction":[{"@type":"SearchAction","target":{"@type":"EntryPoint","urlTemplate":"https:\/\/kneipp-sachsen.de\/schoeneck\/?s={search_term_string}"},"query-input":{"@type":"PropertyValueSpecification","valueRequired":true,"valueName":"search_term_string"}}],"inLanguage":"de"}]}},"builder_content":"<h2>Impressum<br\/><\/h2>\n<h3>Kneipp-Verein Sch\u00f6neck e.V.<\/h3> <p><strong>Gesch\u00e4ftsstelle (Kontakt):<br \/><\/strong>Kneipp-Verein Sch\u00f6neck e.V.<br \/>Sonnenwirbel 3<br \/>08261 Sch\u00f6neck\/ Vogtland<br \/><br \/>Telefon: 01522 34 11 543 <br \/>E-Mail: <a href=\"mailto:schoeneck@kneipp-sachsen.de\">schoeneck@kneipp-sachsen.de<\/a><br \/>Internet: <a href=\"http:\/\/www.kneipp-Sachsen.de\/sch\u00f6neck\">www.kneipp-Sachsen.de\/sch\u00f6neck<\/a><\/p>\n<p><strong>Vereinsregister:<br \/><\/strong>Amtsgericht Chemnitz, VR 61183<\/p>\n<p><strong>Gesetzlich vertreten durch:<br \/><\/strong>Kerstin Weinper, Dr. Gregor D\u00f6ring<\/p>\n<p><strong>Verantwortlich i.S.d. \u00a7 55 RStV:<br \/><\/strong>Kerstin Weinper<br \/>Adorfer Str. 11<br \/>08261 Sch\u00f6neck<\/p> <p>Kneipp-Verein Sch\u00f6neck e.V.<br \/>Sonnenwirbel 3<br \/>08261 Sch\u00f6neck<br \/>Telefon 01522 34 11 543<\/p>\n<p><strong>Realisation:<br \/><\/strong>Websites Jan Kiese<br \/>Fl\u00e4minger Ufer 20<br \/>06749 Bitterfeld-Wolfen<br \/>Tel.: 0178 8040184<br \/>E-mail: mail@jan-kiese.de<\/p>\n<p><strong>Haftungsausschluss:<\/strong><br \/>Trotz sorgf\u00e4ltiger inhaltlicher Kontrolle \u00fcbernehmen wir keine Haftung f\u00fcr die Inhalte von Websites Dritter, die von dieser Website aus \u00fcber Links erreichbar sind. Der Kneipp-Bund Sachsen hat auf die Inhalte externer Websites keinen Einfluss und kann diese nicht fortlaufend \u00fcberpr\u00fcfen. Die Verantwortung liegt ausschlie\u00dflich beim Betreiber der jeweiligen Homepage.<\/p>\n<p><strong>Urheberrechtshinweis:<\/strong><br \/>Alle Inhalte und Strukturen dieser Website sind urheber- und leistungs-schutzrechtlich gesch\u00fctzt. Die Ver\u00f6ffentlichung im World Wide Web oder in sonstigen Diensten des Internet bedeutet noch keine Einverst\u00e4ndniserkl\u00e4rung f\u00fcr eine anderweitige Nutzung durch Dritte.<\/p> <p>Wir erlauben und begr\u00fc\u00dfen ausdr\u00fccklich das Zitieren unserer Dokumente sowie das Setzen von Links auf unsere Website, solange kenntlich gemacht wird, dass es sich um Inhalte der Website des Kneipp-Bund Sachsen handelt und diese Inhalte nicht in Verbindung mit Inhalten Dritter gebracht werden, die den Interessen des Kneipp-Bund Sachsen widersprechen.<\/p>\n<p><strong>Gewerbliche Schutzrechte:<\/strong><br \/>Alle innerhalb dieser Website genannten und ggf. durch Dritte gesch\u00fctzten Marken- und Warenzeichen unterliegen uneingeschr\u00e4nkt den Bestimmungen des jeweils g\u00fcltigen Kennzeichenrechts und den Rechten der jeweiligen Inhaber. Allein aufgrund der blo\u00dfen Nennung ist nicht der Schluss zu ziehen, dass Kennzeichen nicht durch Rechte Dritter gesch\u00fctzt sind.<\/p>","_links":{"self":[{"href":"https:\/\/kneipp-sachsen.de\/schoeneck\/wp-json\/wp\/v2\/pages\/34","targetHints":{"allow":["GET"]}}],"collection":[{"href":"https:\/\/kneipp-sachsen.de\/schoeneck\/wp-json\/wp\/v2\/pages"}],"about":[{"href":"https:\/\/kneipp-sachsen.de\/schoeneck\/wp-json\/wp\/v2\/types\/page"}],"author":[{"embeddable":true,"href":"https:\/\/kneipp-sachsen.de\/schoeneck\/wp-json\/wp\/v2\/users\/2"}],"replies":[{"embeddable":true,"href":"https:\/\/kneipp-sachsen.de\/schoeneck\/wp-json\/wp\/v2\/comments?post=34"}],"version-history":[{"count":33,"href":"https:\/\/kneipp-sachsen.de\/schoeneck\/wp-json\/wp\/v2\/pages\/34\/revisions"}],"predecessor-version":[{"id":531,"href":"https:\/\/kneipp-sachsen.de\/schoeneck\/wp-json\/wp\/v2\/pages\/34\/revisions\/531"}],"wp:attachment":[{"href":"https:\/\/kneipp-sachsen.de\/schoeneck\/wp-json\/wp\/v2\/media?parent=34"}],"curies":[{"name":"wp","href":"https:\/\/api.w.org\/{rel}","templated":true}]}}