{"id":36,"date":"2021-07-26T22:43:55","date_gmt":"2021-07-26T20:43:55","guid":{"rendered":"https:\/\/www.kneipp-sachsen.de\/bad-schlema\/?page_id=36"},"modified":"2025-08-08T09:40:24","modified_gmt":"2025-08-08T07:40:24","slug":"kita","status":"publish","type":"page","link":"https:\/\/kneipp-sachsen.de\/schoeneck\/kita\/","title":{"rendered":"Kneipp-Knirpse"},"content":{"rendered":"<!--themify_builder_content-->\n<div id=\"themify_builder_content-36\" data-postid=\"36\" class=\"themify_builder_content themify_builder_content-36 themify_builder tf_clear\">\n                    <div  data-lazy=\"1\" class=\"module_row themify_builder_row tb_ad6r233 tb_first tf_w\">\n                        <div class=\"row_inner col_align_top tb_col_count_1 tf_box tf_rel\">\n                        <div  data-lazy=\"1\" class=\"module_column tb-column col-full tb_pc61237 first\">\n                    <!-- module fancy heading -->\n<div  class=\"module module-fancy-heading tb_khtw245 \" data-lazy=\"1\">\n        <h1 class=\"fancy-heading\">\n    <span class=\"main-head tf_block\">\n                    Kneipp-Knirpse            <\/span>\n\n    \n    <span class=\"sub-head tf_block tf_rel\">\n                    Unsere Kita Sonnenwirbel            <\/span>\n    <\/h1>\n<\/div>\n<!-- \/module fancy heading -->\n        <div  data-lazy=\"1\" class=\"module_subrow themify_builder_sub_row tf_w col_align_top tb_col_count_1 tb_at1i239\">\n                <div  data-lazy=\"1\" class=\"module_column sub_column col-full tb_zwic243 first\">\n                    <!-- module text -->\n<div  class=\"module module-text tb_1s96250   \" data-lazy=\"1\">\n        <div  class=\"tb_text_wrap\">\n        <p><span style=\"color: #3729cf;\"><a style=\"color: #3729cf;\" href=\"https:\/\/www.stadt-schoeneck.de\/kita-sonnenwirbel\/\" target=\"_blank\" rel=\"noopener\">Kita Sonnenwirbel &#8211; Stadt Sch\u00f6neck<\/a><\/span><\/p>    <\/div>\n<\/div>\n<!-- \/module text -->        <\/div>\n                    <\/div>\n                <\/div>\n                        <\/div>\n        <\/div>\n        <\/div>\n<!--\/themify_builder_content-->","protected":false},"excerpt":{"rendered":"<p>Kita Sonnenwirbel &#8211; Stadt Sch\u00f6neck<\/p>\n","protected":false},"author":2,"featured_media":0,"parent":0,"menu_order":0,"comment_status":"closed","ping_status":"closed","template":"","meta":{"footnotes":"","advanced-sidebar-menu\/link-title":"","advanced-sidebar-menu\/exclude-page":false},"class_list":["post-36","page","type-page","status-publish","hentry","has-post-title","has-post-date","has-post-category","has-post-tag","has-post-comment","has-post-author",""],"yoast_head":"<!-- This site is optimized with the Yoast SEO plugin v25.6 - https:\/\/yoast.com\/wordpress\/plugins\/seo\/ -->\n<title>Kneipp-Knirpse eine vom Kneipp-Bund zertifizierte Kita in Sachsen<\/title>\n<meta name=\"description\" content=\"Die Kita Kneipp-Knirpse lehrt Kneipps Gesundheitskonzept - mit den S\u00e4ulen - Wasser, Kr\u00e4uter, Bewegung, Ern\u00e4hrung und innere Ordnung.\" \/>\n<meta name=\"robots\" content=\"noindex, follow, max-snippet:-1, max-image-preview:large, max-video-preview:-1\" \/>\n<meta property=\"og:locale\" content=\"de_DE\" \/>\n<meta property=\"og:type\" content=\"article\" \/>\n<meta property=\"og:title\" content=\"Kneipp-Knirpse eine vom Kneipp-Bund zertifizierte Kita in Sachsen\" \/>\n<meta property=\"og:description\" content=\"Die Kita Kneipp-Knirpse lehrt Kneipps Gesundheitskonzept - mit den S\u00e4ulen - Wasser, Kr\u00e4uter, Bewegung, Ern\u00e4hrung und innere Ordnung.\" \/>\n<meta property=\"og:url\" content=\"https:\/\/kneipp-sachsen.de\/schoeneck\/kita\/\" \/>\n<meta property=\"og:site_name\" content=\"Kneipp Verein Sch\u00f6neck e.V.\" \/>\n<meta property=\"article:modified_time\" content=\"2025-08-08T07:40:24+00:00\" \/>\n<meta name=\"twitter:card\" content=\"summary_large_image\" \/>\n<script type=\"application\/ld+json\" class=\"yoast-schema-graph\">{\"@context\":\"https:\/\/schema.org\",\"@graph\":[{\"@type\":\"WebPage\",\"@id\":\"https:\/\/kneipp-sachsen.de\/schoeneck\/kita\/\",\"url\":\"https:\/\/kneipp-sachsen.de\/schoeneck\/kita\/\",\"name\":\"Kneipp-Knirpse eine vom Kneipp-Bund zertifizierte Kita in Sachsen\",\"isPartOf\":{\"@id\":\"https:\/\/kneipp-sachsen.de\/schoeneck\/#website\"},\"datePublished\":\"2021-07-26T20:43:55+00:00\",\"dateModified\":\"2025-08-08T07:40:24+00:00\",\"description\":\"Die Kita Kneipp-Knirpse lehrt Kneipps Gesundheitskonzept - mit den S\u00e4ulen - Wasser, Kr\u00e4uter, Bewegung, Ern\u00e4hrung und innere Ordnung.\",\"breadcrumb\":{\"@id\":\"https:\/\/kneipp-sachsen.de\/schoeneck\/kita\/#breadcrumb\"},\"inLanguage\":\"de\",\"potentialAction\":[{\"@type\":\"ReadAction\",\"target\":[\"https:\/\/kneipp-sachsen.de\/schoeneck\/kita\/\"]}]},{\"@type\":\"BreadcrumbList\",\"@id\":\"https:\/\/kneipp-sachsen.de\/schoeneck\/kita\/#breadcrumb\",\"itemListElement\":[{\"@type\":\"ListItem\",\"position\":1,\"name\":\"Startseite\",\"item\":\"https:\/\/kneipp-sachsen.de\/schoeneck\/\"},{\"@type\":\"ListItem\",\"position\":2,\"name\":\"Kneipp-Knirpse\"}]},{\"@type\":\"WebSite\",\"@id\":\"https:\/\/kneipp-sachsen.de\/schoeneck\/#website\",\"url\":\"https:\/\/kneipp-sachsen.de\/schoeneck\/\",\"name\":\"Kneipp-Verein Sch\u00f6neck e.V.\",\"description\":\"Eine weitere WordPress-Website\",\"potentialAction\":[{\"@type\":\"SearchAction\",\"target\":{\"@type\":\"EntryPoint\",\"urlTemplate\":\"https:\/\/kneipp-sachsen.de\/schoeneck\/?s={search_term_string}\"},\"query-input\":{\"@type\":\"PropertyValueSpecification\",\"valueRequired\":true,\"valueName\":\"search_term_string\"}}],\"inLanguage\":\"de\"}]}<\/script>\n<!-- \/ Yoast SEO plugin. -->","yoast_head_json":{"title":"Kneipp-Knirpse eine vom Kneipp-Bund zertifizierte Kita in Sachsen","description":"Die Kita Kneipp-Knirpse lehrt Kneipps Gesundheitskonzept - mit den S\u00e4ulen - Wasser, Kr\u00e4uter, Bewegung, Ern\u00e4hrung und innere Ordnung.","robots":{"index":"noindex","follow":"follow","max-snippet":"max-snippet:-1","max-image-preview":"max-image-preview:large","max-video-preview":"max-video-preview:-1"},"og_locale":"de_DE","og_type":"article","og_title":"Kneipp-Knirpse eine vom Kneipp-Bund zertifizierte Kita in Sachsen","og_description":"Die Kita Kneipp-Knirpse lehrt Kneipps Gesundheitskonzept - mit den S\u00e4ulen - Wasser, Kr\u00e4uter, Bewegung, Ern\u00e4hrung und innere Ordnung.","og_url":"https:\/\/kneipp-sachsen.de\/schoeneck\/kita\/","og_site_name":"Kneipp Verein Sch\u00f6neck e.V.","article_modified_time":"2025-08-08T07:40:24+00:00","twitter_card":"summary_large_image","schema":{"@context":"https:\/\/schema.org","@graph":[{"@type":"WebPage","@id":"https:\/\/kneipp-sachsen.de\/schoeneck\/kita\/","url":"https:\/\/kneipp-sachsen.de\/schoeneck\/kita\/","name":"Kneipp-Knirpse eine vom Kneipp-Bund zertifizierte Kita in Sachsen","isPartOf":{"@id":"https:\/\/kneipp-sachsen.de\/schoeneck\/#website"},"datePublished":"2021-07-26T20:43:55+00:00","dateModified":"2025-08-08T07:40:24+00:00","description":"Die Kita Kneipp-Knirpse lehrt Kneipps Gesundheitskonzept - mit den S\u00e4ulen - Wasser, Kr\u00e4uter, Bewegung, Ern\u00e4hrung und innere Ordnung.","breadcrumb":{"@id":"https:\/\/kneipp-sachsen.de\/schoeneck\/kita\/#breadcrumb"},"inLanguage":"de","potentialAction":[{"@type":"ReadAction","target":["https:\/\/kneipp-sachsen.de\/schoeneck\/kita\/"]}]},{"@type":"BreadcrumbList","@id":"https:\/\/kneipp-sachsen.de\/schoeneck\/kita\/#breadcrumb","itemListElement":[{"@type":"ListItem","position":1,"name":"Startseite","item":"https:\/\/kneipp-sachsen.de\/schoeneck\/"},{"@type":"ListItem","position":2,"name":"Kneipp-Knirpse"}]},{"@type":"WebSite","@id":"https:\/\/kneipp-sachsen.de\/schoeneck\/#website","url":"https:\/\/kneipp-sachsen.de\/schoeneck\/","name":"Kneipp-Verein Sch\u00f6neck e.V.","description":"Eine weitere WordPress-Website","potentialAction":[{"@type":"SearchAction","target":{"@type":"EntryPoint","urlTemplate":"https:\/\/kneipp-sachsen.de\/schoeneck\/?s={search_term_string}"},"query-input":{"@type":"PropertyValueSpecification","valueRequired":true,"valueName":"search_term_string"}}],"inLanguage":"de"}]}},"builder_content":"<h1>Kneipp-Knirpse<br\/>Unsere Kita Sonnenwirbel<\/h1>\n<p><a style=\"color: #3729cf;\" href=\"https:\/\/www.stadt-schoeneck.de\/kita-sonnenwirbel\/\" target=\"_blank\" rel=\"noopener\">Kita Sonnenwirbel - Stadt Sch\u00f6neck<\/a><\/p>","_links":{"self":[{"href":"https:\/\/kneipp-sachsen.de\/schoeneck\/wp-json\/wp\/v2\/pages\/36","targetHints":{"allow":["GET"]}}],"collection":[{"href":"https:\/\/kneipp-sachsen.de\/schoeneck\/wp-json\/wp\/v2\/pages"}],"about":[{"href":"https:\/\/kneipp-sachsen.de\/schoeneck\/wp-json\/wp\/v2\/types\/page"}],"author":[{"embeddable":true,"href":"https:\/\/kneipp-sachsen.de\/schoeneck\/wp-json\/wp\/v2\/users\/2"}],"replies":[{"embeddable":true,"href":"https:\/\/kneipp-sachsen.de\/schoeneck\/wp-json\/wp\/v2\/comments?post=36"}],"version-history":[{"count":28,"href":"https:\/\/kneipp-sachsen.de\/schoeneck\/wp-json\/wp\/v2\/pages\/36\/revisions"}],"predecessor-version":[{"id":500,"href":"https:\/\/kneipp-sachsen.de\/schoeneck\/wp-json\/wp\/v2\/pages\/36\/revisions\/500"}],"wp:attachment":[{"href":"https:\/\/kneipp-sachsen.de\/schoeneck\/wp-json\/wp\/v2\/media?parent=36"}],"curies":[{"name":"wp","href":"https:\/\/api.w.org\/{rel}","templated":true}]}}