{"id":42,"date":"2021-07-26T22:47:19","date_gmt":"2021-07-26T20:47:19","guid":{"rendered":"https:\/\/www.kneipp-sachsen.de\/bad-schlema\/?page_id=42"},"modified":"2023-01-04T14:54:40","modified_gmt":"2023-01-04T13:54:40","slug":"kneippsche-naturheilverfahren","status":"publish","type":"page","link":"https:\/\/kneipp-sachsen.de\/schoeneck\/kneipp-therapie\/kneippsche-naturheilverfahren\/","title":{"rendered":"Kneippsche Naturheilverfahren"},"content":{"rendered":"<!--themify_builder_content-->\n<div id=\"themify_builder_content-42\" data-postid=\"42\" class=\"themify_builder_content themify_builder_content-42 themify_builder tf_clear\">\n                    <div  data-css_id=\"01as932\" data-lazy=\"1\" class=\"module_row themify_builder_row fullwidth tb_01as932 tb_first tf_w\">\n                        <div class=\"row_inner col_align_top tb_col_count_1 tf_box tf_rel\">\n                        <div  data-lazy=\"1\" class=\"module_column tb-column col-full tb_3sam938 first\">\n                            <div  data-lazy=\"1\" class=\"module_subrow themify_builder_sub_row tf_w col_align_top tb_col_count_1 tb_daz1941\">\n                <div  data-lazy=\"1\" class=\"module_column sub_column col-full tb_jta5946 first\">\n                    <!-- module fancy heading -->\n<div  class=\"module module-fancy-heading tb_rsd4947  tb_hide_divider\" data-lazy=\"1\">\n        <h1 class=\"fancy-heading\">\n    <span class=\"main-head tf_block\">\n                     Die Kneippschen Naturheilverfahren            <\/span>\n\n    \n    <span class=\"sub-head tf_block tf_rel\">\n                                <\/span>\n    <\/h1>\n<\/div>\n<!-- \/module fancy heading -->\n<!-- module image -->\n<div  class=\"module module-image tb_pgml951 image-center   tf_mw\" data-lazy=\"1\">\n        <div class=\"image-wrap tf_rel tf_mw\">\n            <img loading=\"lazy\" decoding=\"async\" width=\"3372\" height=\"750\" src=\"https:\/\/kneipp-sachsen.de\/schoeneck\/wp-content\/uploads\/2023\/01\/Kneippsche-Elemente_mit-Schrift.png\" class=\"wp-post-image wp-image-389\" title=\"Kneippsche-Elemente_mit-Schrift\" alt=\"Kneippsche-Elemente_mit-Schrift\" srcset=\"https:\/\/kneipp-sachsen.de\/schoeneck\/wp-content\/uploads\/2023\/01\/Kneippsche-Elemente_mit-Schrift.png 3372w, https:\/\/kneipp-sachsen.de\/schoeneck\/wp-content\/uploads\/2023\/01\/Kneippsche-Elemente_mit-Schrift-300x67.png 300w, https:\/\/kneipp-sachsen.de\/schoeneck\/wp-content\/uploads\/2023\/01\/Kneippsche-Elemente_mit-Schrift-1024x228.png 1024w, https:\/\/kneipp-sachsen.de\/schoeneck\/wp-content\/uploads\/2023\/01\/Kneippsche-Elemente_mit-Schrift-768x171.png 768w, https:\/\/kneipp-sachsen.de\/schoeneck\/wp-content\/uploads\/2023\/01\/Kneippsche-Elemente_mit-Schrift-1536x342.png 1536w, https:\/\/kneipp-sachsen.de\/schoeneck\/wp-content\/uploads\/2023\/01\/Kneippsche-Elemente_mit-Schrift-2048x456.png 2048w\" sizes=\"auto, (max-width: 3372px) 100vw, 3372px\" \/>    \n        <\/div>\n    <!-- \/image-wrap -->\n    \n        <\/div>\n<!-- \/module image --><!-- module divider -->\n<div  class=\"module tf_mw module-divider tb_tvx2952 solid   \" style=\"border-width: 1px;border-color: #666666;margin-top: 15px;margin-bottom: 15px;\" data-lazy=\"1\">\n    <\/div>\n<!-- \/module divider -->\n<!-- module text -->\n<div  class=\"module module-text tb_8rey955  repeat \" data-lazy=\"1\">\n        <div  class=\"tb_text_wrap\">\n        <p>Die Kneipp-Therapie ist ganzheitlich und zielt darauf ab, K\u00f6rper, Geist und Seele in Einklang zu bringen. Sie beruht auf dem Prinzip der \u00dcbung, des Trainings zur Harmonisierung aller k\u00f6rperlichen und geistig-seelischen Funktionen und ist weit mehr als eine Heilmethode. Besonders eignet sie sich f\u00fcr die Pr\u00e4vention, also Vorbeugung. Durch die Anregung der Selbstheilungskr\u00e4fte gewinnen Widerstandsf\u00e4higkeit und inneres Gleichgewicht an Kraft &#8211; so entwickelt der Mensch eine starke Position gegen\u00fcber allen Anforderungen des Lebens. Er begegnet Stress gelassener und meistert Krisen und Krankheiten leichter. Kurzum: Er steigert seine Voraussetzungen und F\u00e4higkeiten zum Gl\u00fccklichsein.<\/p>    <\/div>\n<\/div>\n<!-- \/module text --><!-- module divider -->\n<div  class=\"module tf_mw module-divider tb_ayuu958 solid   \" style=\"border-width: 1px;border-color: #666666;margin-top: 15px;margin-bottom: 15px;\" data-lazy=\"1\">\n    <\/div>\n<!-- \/module divider -->\n<!-- module fancy heading -->\n<div  class=\"module module-fancy-heading tb_57s6961  tb_hide_divider\" data-lazy=\"1\">\n        <h2 class=\"fancy-heading\">\n    <span class=\"main-head tf_block\">\n                    Gesunde Menschen im Einklang mit sich, den Anderen und der Natur.            <\/span>\n\n    \n    <span class=\"sub-head tf_block tf_rel\">\n                                <\/span>\n    <\/h2>\n<\/div>\n<!-- \/module fancy heading -->\n        <\/div>\n                    <\/div>\n                <\/div>\n                        <\/div>\n        <\/div>\n                        <div  data-lazy=\"1\" class=\"module_row themify_builder_row tb_t0tv933 tf_w\">\n                        <div class=\"row_inner col_align_top tb_col_count_1 tf_box tf_rel\">\n                        <div  data-lazy=\"1\" class=\"module_column tb-column col-full tb_xp3t963 first\">\n                            <div  data-lazy=\"1\" class=\"module_subrow themify_builder_sub_row tf_w col_align_top tb_col_count_2 tb_dpbf964\">\n                <div  data-lazy=\"1\" class=\"module_column sub_column tb_3ydl965 first\">\n                    <!-- module image -->\n<div  class=\"module module-image tb_a2ck965 image-center   tf_mw\" data-lazy=\"1\">\n        <div class=\"image-wrap tf_rel tf_mw\">\n            <img loading=\"lazy\" decoding=\"async\" width=\"2560\" height=\"1709\" src=\"https:\/\/kneipp-sachsen.de\/schoeneck\/wp-content\/uploads\/2021\/08\/Kneipp-Armbad-Jugentliche-scaled.jpg\" class=\"wp-post-image wp-image-127\" title=\"Kneipp Armbad Jugentliche\" alt=\"Kneipp Armbad Jugentliche\" srcset=\"https:\/\/kneipp-sachsen.de\/schoeneck\/wp-content\/uploads\/2021\/08\/Kneipp-Armbad-Jugentliche-scaled.jpg 2560w, https:\/\/kneipp-sachsen.de\/schoeneck\/wp-content\/uploads\/2021\/08\/Kneipp-Armbad-Jugentliche-300x200.jpg 300w, https:\/\/kneipp-sachsen.de\/schoeneck\/wp-content\/uploads\/2021\/08\/Kneipp-Armbad-Jugentliche-1024x684.jpg 1024w, https:\/\/kneipp-sachsen.de\/schoeneck\/wp-content\/uploads\/2021\/08\/Kneipp-Armbad-Jugentliche-768x513.jpg 768w, https:\/\/kneipp-sachsen.de\/schoeneck\/wp-content\/uploads\/2021\/08\/Kneipp-Armbad-Jugentliche-1536x1025.jpg 1536w, https:\/\/kneipp-sachsen.de\/schoeneck\/wp-content\/uploads\/2021\/08\/Kneipp-Armbad-Jugentliche-2048x1367.jpg 2048w\" sizes=\"auto, (max-width: 2560px) 100vw, 2560px\" \/>    \n        <\/div>\n    <!-- \/image-wrap -->\n    \n        <\/div>\n<!-- \/module image -->        <\/div>\n                    <div  data-lazy=\"1\" class=\"module_column sub_column tb_4u8w966 last\">\n                    <!-- module image -->\n<div  class=\"module module-image tb_470d967 image-center   tf_mw\" data-lazy=\"1\">\n        <div class=\"image-wrap tf_rel tf_mw\">\n            <img loading=\"lazy\" decoding=\"async\" width=\"2560\" height=\"1707\" src=\"https:\/\/kneipp-sachsen.de\/schoeneck\/wp-content\/uploads\/2021\/08\/Gesunde-Ernaehrung-scaled.jpg\" class=\"wp-post-image wp-image-128\" title=\"Gesunde Ern\u00e4hrung\" alt=\"Gesunde Ern\u00e4hrung\" srcset=\"https:\/\/kneipp-sachsen.de\/schoeneck\/wp-content\/uploads\/2021\/08\/Gesunde-Ernaehrung-scaled.jpg 2560w, https:\/\/kneipp-sachsen.de\/schoeneck\/wp-content\/uploads\/2021\/08\/Gesunde-Ernaehrung-300x200.jpg 300w, https:\/\/kneipp-sachsen.de\/schoeneck\/wp-content\/uploads\/2021\/08\/Gesunde-Ernaehrung-1024x683.jpg 1024w, https:\/\/kneipp-sachsen.de\/schoeneck\/wp-content\/uploads\/2021\/08\/Gesunde-Ernaehrung-768x512.jpg 768w, https:\/\/kneipp-sachsen.de\/schoeneck\/wp-content\/uploads\/2021\/08\/Gesunde-Ernaehrung-1536x1024.jpg 1536w, https:\/\/kneipp-sachsen.de\/schoeneck\/wp-content\/uploads\/2021\/08\/Gesunde-Ernaehrung-2048x1365.jpg 2048w\" sizes=\"auto, (max-width: 2560px) 100vw, 2560px\" \/>    \n        <\/div>\n    <!-- \/image-wrap -->\n    \n        <\/div>\n<!-- \/module image -->        <\/div>\n                    <\/div>\n                <div  data-lazy=\"1\" class=\"module_subrow themify_builder_sub_row tf_w col_align_top tb_col_count_1 tb_6ezw968\">\n                <div  data-lazy=\"1\" class=\"module_column sub_column col-full tb_1a4c969 first\">\n                    <!-- module divider -->\n<div  class=\"module tf_mw module-divider tb_l42a971 solid   \" style=\"border-width: 1px;border-color: #666666;margin-top: 15px;margin-bottom: 15px;\" data-lazy=\"1\">\n    <\/div>\n<!-- \/module divider -->\n<!-- module fancy heading -->\n<div  class=\"module module-fancy-heading tb_t8z0974  tb_hide_divider\" data-lazy=\"1\">\n        <h2 class=\"fancy-heading\">\n    <span class=\"main-head tf_block\">\n                    Unser Ziel: gesunde Menschen            <\/span>\n\n    \n    <span class=\"sub-head tf_block tf_rel\">\n                                <\/span>\n    <\/h2>\n<\/div>\n<!-- \/module fancy heading -->\n<!-- module text -->\n<div  class=\"module module-text tb_jpzh976  repeat \" data-lazy=\"1\">\n        <div  class=\"tb_text_wrap\">\n        <p>Ein gesundes Leben im Einklang mit der Natur f\u00fchren und auf diese Art aktiv vorbeugen und Heilung finden. Diesen ganzheitlichen Ansatz hat Sebastian Kneipp (1821 bis 1897) vor 150 Jahren zur Grundlage seiner umfassenden Heilverfahren gemacht &#8211; mit Erfolg.<\/p>    <\/div>\n<\/div>\n<!-- \/module text --><!-- module divider -->\n<div  class=\"module tf_mw module-divider tb_3tb5977 solid   \" style=\"border-width: 1px;border-color: #666666;margin-top: 15px;margin-bottom: 15px;\" data-lazy=\"1\">\n    <\/div>\n<!-- \/module divider -->\n<!-- module fancy heading -->\n<div  class=\"module module-fancy-heading tb_r7ol978  tb_hide_divider\" data-lazy=\"1\">\n        <h2 class=\"fancy-heading\">\n    <span class=\"main-head tf_block\">\n                    Wir bringen Bewegung ins Leben            <\/span>\n\n    \n    <span class=\"sub-head tf_block tf_rel\">\n                                <\/span>\n    <\/h2>\n<\/div>\n<!-- \/module fancy heading -->\n<!-- module text -->\n<div  class=\"module module-text tb_vz9m978   \" data-lazy=\"1\">\n        <div  class=\"tb_text_wrap\">\n        <p>Das Kneippsche Gesundheitskonzept hat \u00fcberdauert und sich stetig weiter entwickelt. Aus der urspr\u00fcnglichen Wasser- und Kr\u00e4uterheilkunde entstand ein ganzes und hoch anerkanntes Gesundheitskonzept. Leben nach Kneipp ist einfach, kostet fast nichts &#8211; nicht einmal viel Zeit &#8211; und bringt den Menschen in Bewegung. Das macht gesund (oder noch ges\u00fcnder), bewirkt ein hoch wirksames Immunsystem, umfassende Fitness, \u00fcberdurchschnittliche Stressresistenz und gute Stimmung. Ideal f\u00fcr jedes Alter, jeden Geldbeutel, jeden Bildungsstand, jede Lebenseinstellung &#8211; und gleicherma\u00dfen f\u00fcr Gesunde und Kranke.<\/p>    <\/div>\n<\/div>\n<!-- \/module text -->        <\/div>\n                    <\/div>\n                <\/div>\n                        <\/div>\n        <\/div>\n        <\/div>\n<!--\/themify_builder_content-->","protected":false},"excerpt":{"rendered":"<p>Die Kneippschen Naturheilverfahren Die Kneipp-Therapie ist ganzheitlich und zielt darauf ab, K\u00f6rper, Geist und Seele in Einklang zu bringen. Sie beruht auf dem Prinzip der \u00dcbung, des Trainings zur Harmonisierung aller k\u00f6rperlichen und geistig-seelischen Funktionen und ist weit mehr als eine Heilmethode. Besonders eignet sie sich f\u00fcr die Pr\u00e4vention, also Vorbeugung. Durch die Anregung der [&hellip;]<\/p>\n","protected":false},"author":2,"featured_media":0,"parent":40,"menu_order":0,"comment_status":"closed","ping_status":"closed","template":"","meta":{"footnotes":"","advanced-sidebar-menu\/link-title":"","advanced-sidebar-menu\/exclude-page":false},"class_list":["post-42","page","type-page","status-publish","hentry","has-post-title","has-post-date","has-post-category","has-post-tag","has-post-comment","has-post-author",""],"yoast_head":"<!-- This site is optimized with the Yoast SEO plugin v25.6 - https:\/\/yoast.com\/wordpress\/plugins\/seo\/ -->\n<title>Kneippsche Naturheilverfahren - Kneipp Verein Sch\u00f6neck e.V.<\/title>\n<meta name=\"robots\" content=\"noindex, follow, max-snippet:-1, max-image-preview:large, max-video-preview:-1\" \/>\n<meta property=\"og:locale\" content=\"de_DE\" \/>\n<meta property=\"og:type\" content=\"article\" \/>\n<meta property=\"og:title\" content=\"Kneippsche Naturheilverfahren - Kneipp Verein Sch\u00f6neck e.V.\" \/>\n<meta property=\"og:description\" content=\"Die Kneippschen Naturheilverfahren Die Kneipp-Therapie ist ganzheitlich und zielt darauf ab, K\u00f6rper, Geist und Seele in Einklang zu bringen. Sie beruht auf dem Prinzip der \u00dcbung, des Trainings zur Harmonisierung aller k\u00f6rperlichen und geistig-seelischen Funktionen und ist weit mehr als eine Heilmethode. Besonders eignet sie sich f\u00fcr die Pr\u00e4vention, also Vorbeugung. Durch die Anregung der [&hellip;]\" \/>\n<meta property=\"og:url\" content=\"https:\/\/kneipp-sachsen.de\/schoeneck\/kneipp-therapie\/kneippsche-naturheilverfahren\/\" \/>\n<meta property=\"og:site_name\" content=\"Kneipp Verein Sch\u00f6neck e.V.\" \/>\n<meta property=\"article:modified_time\" content=\"2023-01-04T13:54:40+00:00\" \/>\n<meta name=\"twitter:card\" content=\"summary_large_image\" \/>\n<meta name=\"twitter:label1\" content=\"Gesch\u00e4tzte Lesezeit\" \/>\n\t<meta name=\"twitter:data1\" content=\"1\u00a0Minute\" \/>\n<script type=\"application\/ld+json\" class=\"yoast-schema-graph\">{\"@context\":\"https:\/\/schema.org\",\"@graph\":[{\"@type\":\"WebPage\",\"@id\":\"https:\/\/kneipp-sachsen.de\/schoeneck\/kneipp-therapie\/kneippsche-naturheilverfahren\/\",\"url\":\"https:\/\/kneipp-sachsen.de\/schoeneck\/kneipp-therapie\/kneippsche-naturheilverfahren\/\",\"name\":\"Kneippsche Naturheilverfahren - Kneipp Verein Sch\u00f6neck e.V.\",\"isPartOf\":{\"@id\":\"https:\/\/kneipp-sachsen.de\/schoeneck\/#website\"},\"primaryImageOfPage\":{\"@id\":\"https:\/\/kneipp-sachsen.de\/schoeneck\/kneipp-therapie\/kneippsche-naturheilverfahren\/#primaryimage\"},\"image\":{\"@id\":\"https:\/\/kneipp-sachsen.de\/schoeneck\/kneipp-therapie\/kneippsche-naturheilverfahren\/#primaryimage\"},\"thumbnailUrl\":\"https:\/\/kneipp-sachsen.de\/schoeneck\/wp-content\/uploads\/2023\/01\/Kneippsche-Elemente_mit-Schrift.png\",\"datePublished\":\"2021-07-26T20:47:19+00:00\",\"dateModified\":\"2023-01-04T13:54:40+00:00\",\"breadcrumb\":{\"@id\":\"https:\/\/kneipp-sachsen.de\/schoeneck\/kneipp-therapie\/kneippsche-naturheilverfahren\/#breadcrumb\"},\"inLanguage\":\"de\",\"potentialAction\":[{\"@type\":\"ReadAction\",\"target\":[\"https:\/\/kneipp-sachsen.de\/schoeneck\/kneipp-therapie\/kneippsche-naturheilverfahren\/\"]}]},{\"@type\":\"ImageObject\",\"inLanguage\":\"de\",\"@id\":\"https:\/\/kneipp-sachsen.de\/schoeneck\/kneipp-therapie\/kneippsche-naturheilverfahren\/#primaryimage\",\"url\":\"https:\/\/kneipp-sachsen.de\/schoeneck\/wp-content\/uploads\/2023\/01\/Kneippsche-Elemente_mit-Schrift.png\",\"contentUrl\":\"https:\/\/kneipp-sachsen.de\/schoeneck\/wp-content\/uploads\/2023\/01\/Kneippsche-Elemente_mit-Schrift.png\",\"width\":3372,\"height\":750},{\"@type\":\"BreadcrumbList\",\"@id\":\"https:\/\/kneipp-sachsen.de\/schoeneck\/kneipp-therapie\/kneippsche-naturheilverfahren\/#breadcrumb\",\"itemListElement\":[{\"@type\":\"ListItem\",\"position\":1,\"name\":\"Startseite\",\"item\":\"https:\/\/kneipp-sachsen.de\/schoeneck\/\"},{\"@type\":\"ListItem\",\"position\":2,\"name\":\"Kneipp-Therapie\",\"item\":\"https:\/\/kneipp-sachsen.de\/schoeneck\/kneipp-therapie\/\"},{\"@type\":\"ListItem\",\"position\":3,\"name\":\"Kneippsche Naturheilverfahren\"}]},{\"@type\":\"WebSite\",\"@id\":\"https:\/\/kneipp-sachsen.de\/schoeneck\/#website\",\"url\":\"https:\/\/kneipp-sachsen.de\/schoeneck\/\",\"name\":\"Kneipp-Verein Sch\u00f6neck e.V.\",\"description\":\"Eine weitere WordPress-Website\",\"potentialAction\":[{\"@type\":\"SearchAction\",\"target\":{\"@type\":\"EntryPoint\",\"urlTemplate\":\"https:\/\/kneipp-sachsen.de\/schoeneck\/?s={search_term_string}\"},\"query-input\":{\"@type\":\"PropertyValueSpecification\",\"valueRequired\":true,\"valueName\":\"search_term_string\"}}],\"inLanguage\":\"de\"}]}<\/script>\n<!-- \/ Yoast SEO plugin. -->","yoast_head_json":{"title":"Kneippsche Naturheilverfahren - Kneipp Verein Sch\u00f6neck e.V.","robots":{"index":"noindex","follow":"follow","max-snippet":"max-snippet:-1","max-image-preview":"max-image-preview:large","max-video-preview":"max-video-preview:-1"},"og_locale":"de_DE","og_type":"article","og_title":"Kneippsche Naturheilverfahren - Kneipp Verein Sch\u00f6neck e.V.","og_description":"Die Kneippschen Naturheilverfahren Die Kneipp-Therapie ist ganzheitlich und zielt darauf ab, K\u00f6rper, Geist und Seele in Einklang zu bringen. Sie beruht auf dem Prinzip der \u00dcbung, des Trainings zur Harmonisierung aller k\u00f6rperlichen und geistig-seelischen Funktionen und ist weit mehr als eine Heilmethode. Besonders eignet sie sich f\u00fcr die Pr\u00e4vention, also Vorbeugung. Durch die Anregung der [&hellip;]","og_url":"https:\/\/kneipp-sachsen.de\/schoeneck\/kneipp-therapie\/kneippsche-naturheilverfahren\/","og_site_name":"Kneipp Verein Sch\u00f6neck e.V.","article_modified_time":"2023-01-04T13:54:40+00:00","twitter_card":"summary_large_image","twitter_misc":{"Gesch\u00e4tzte Lesezeit":"1\u00a0Minute"},"schema":{"@context":"https:\/\/schema.org","@graph":[{"@type":"WebPage","@id":"https:\/\/kneipp-sachsen.de\/schoeneck\/kneipp-therapie\/kneippsche-naturheilverfahren\/","url":"https:\/\/kneipp-sachsen.de\/schoeneck\/kneipp-therapie\/kneippsche-naturheilverfahren\/","name":"Kneippsche Naturheilverfahren - Kneipp Verein Sch\u00f6neck e.V.","isPartOf":{"@id":"https:\/\/kneipp-sachsen.de\/schoeneck\/#website"},"primaryImageOfPage":{"@id":"https:\/\/kneipp-sachsen.de\/schoeneck\/kneipp-therapie\/kneippsche-naturheilverfahren\/#primaryimage"},"image":{"@id":"https:\/\/kneipp-sachsen.de\/schoeneck\/kneipp-therapie\/kneippsche-naturheilverfahren\/#primaryimage"},"thumbnailUrl":"https:\/\/kneipp-sachsen.de\/schoeneck\/wp-content\/uploads\/2023\/01\/Kneippsche-Elemente_mit-Schrift.png","datePublished":"2021-07-26T20:47:19+00:00","dateModified":"2023-01-04T13:54:40+00:00","breadcrumb":{"@id":"https:\/\/kneipp-sachsen.de\/schoeneck\/kneipp-therapie\/kneippsche-naturheilverfahren\/#breadcrumb"},"inLanguage":"de","potentialAction":[{"@type":"ReadAction","target":["https:\/\/kneipp-sachsen.de\/schoeneck\/kneipp-therapie\/kneippsche-naturheilverfahren\/"]}]},{"@type":"ImageObject","inLanguage":"de","@id":"https:\/\/kneipp-sachsen.de\/schoeneck\/kneipp-therapie\/kneippsche-naturheilverfahren\/#primaryimage","url":"https:\/\/kneipp-sachsen.de\/schoeneck\/wp-content\/uploads\/2023\/01\/Kneippsche-Elemente_mit-Schrift.png","contentUrl":"https:\/\/kneipp-sachsen.de\/schoeneck\/wp-content\/uploads\/2023\/01\/Kneippsche-Elemente_mit-Schrift.png","width":3372,"height":750},{"@type":"BreadcrumbList","@id":"https:\/\/kneipp-sachsen.de\/schoeneck\/kneipp-therapie\/kneippsche-naturheilverfahren\/#breadcrumb","itemListElement":[{"@type":"ListItem","position":1,"name":"Startseite","item":"https:\/\/kneipp-sachsen.de\/schoeneck\/"},{"@type":"ListItem","position":2,"name":"Kneipp-Therapie","item":"https:\/\/kneipp-sachsen.de\/schoeneck\/kneipp-therapie\/"},{"@type":"ListItem","position":3,"name":"Kneippsche Naturheilverfahren"}]},{"@type":"WebSite","@id":"https:\/\/kneipp-sachsen.de\/schoeneck\/#website","url":"https:\/\/kneipp-sachsen.de\/schoeneck\/","name":"Kneipp-Verein Sch\u00f6neck e.V.","description":"Eine weitere WordPress-Website","potentialAction":[{"@type":"SearchAction","target":{"@type":"EntryPoint","urlTemplate":"https:\/\/kneipp-sachsen.de\/schoeneck\/?s={search_term_string}"},"query-input":{"@type":"PropertyValueSpecification","valueRequired":true,"valueName":"search_term_string"}}],"inLanguage":"de"}]}},"builder_content":"<h1> Die Kneippschen Naturheilverfahren<br\/><\/h1>\n<img src=\"https:\/\/kneipp-sachsen.de\/schoeneck\/wp-content\/uploads\/2023\/01\/Kneippsche-Elemente_mit-Schrift.png\" title=\"Kneippsche-Elemente_mit-Schrift\" alt=\"Kneippsche-Elemente_mit-Schrift\" srcset=\"https:\/\/kneipp-sachsen.de\/schoeneck\/wp-content\/uploads\/2023\/01\/Kneippsche-Elemente_mit-Schrift.png 3372w, https:\/\/kneipp-sachsen.de\/schoeneck\/wp-content\/uploads\/2023\/01\/Kneippsche-Elemente_mit-Schrift-300x67.png 300w, https:\/\/kneipp-sachsen.de\/schoeneck\/wp-content\/uploads\/2023\/01\/Kneippsche-Elemente_mit-Schrift-1024x228.png 1024w, https:\/\/kneipp-sachsen.de\/schoeneck\/wp-content\/uploads\/2023\/01\/Kneippsche-Elemente_mit-Schrift-768x171.png 768w, https:\/\/kneipp-sachsen.de\/schoeneck\/wp-content\/uploads\/2023\/01\/Kneippsche-Elemente_mit-Schrift-1536x342.png 1536w, https:\/\/kneipp-sachsen.de\/schoeneck\/wp-content\/uploads\/2023\/01\/Kneippsche-Elemente_mit-Schrift-2048x456.png 2048w\" sizes=\"(max-width: 3372px) 100vw, 3372px\" \/>\n\n<p>Die Kneipp-Therapie ist ganzheitlich und zielt darauf ab, K\u00f6rper, Geist und Seele in Einklang zu bringen. Sie beruht auf dem Prinzip der \u00dcbung, des Trainings zur Harmonisierung aller k\u00f6rperlichen und geistig-seelischen Funktionen und ist weit mehr als eine Heilmethode. Besonders eignet sie sich f\u00fcr die Pr\u00e4vention, also Vorbeugung. Durch die Anregung der Selbstheilungskr\u00e4fte gewinnen Widerstandsf\u00e4higkeit und inneres Gleichgewicht an Kraft - so entwickelt der Mensch eine starke Position gegen\u00fcber allen Anforderungen des Lebens. Er begegnet Stress gelassener und meistert Krisen und Krankheiten leichter. Kurzum: Er steigert seine Voraussetzungen und F\u00e4higkeiten zum Gl\u00fccklichsein.<\/p>\n\n<h2>Gesunde Menschen im Einklang mit sich, den Anderen und der Natur.<br\/><\/h2>\n<img src=\"https:\/\/kneipp-sachsen.de\/schoeneck\/wp-content\/uploads\/2021\/08\/Kneipp-Armbad-Jugentliche-scaled.jpg\" title=\"Kneipp Armbad Jugentliche\" alt=\"Kneipp Armbad Jugentliche\" srcset=\"https:\/\/kneipp-sachsen.de\/schoeneck\/wp-content\/uploads\/2021\/08\/Kneipp-Armbad-Jugentliche-scaled.jpg 2560w, https:\/\/kneipp-sachsen.de\/schoeneck\/wp-content\/uploads\/2021\/08\/Kneipp-Armbad-Jugentliche-300x200.jpg 300w, https:\/\/kneipp-sachsen.de\/schoeneck\/wp-content\/uploads\/2021\/08\/Kneipp-Armbad-Jugentliche-1024x684.jpg 1024w, https:\/\/kneipp-sachsen.de\/schoeneck\/wp-content\/uploads\/2021\/08\/Kneipp-Armbad-Jugentliche-768x513.jpg 768w, https:\/\/kneipp-sachsen.de\/schoeneck\/wp-content\/uploads\/2021\/08\/Kneipp-Armbad-Jugentliche-1536x1025.jpg 1536w, https:\/\/kneipp-sachsen.de\/schoeneck\/wp-content\/uploads\/2021\/08\/Kneipp-Armbad-Jugentliche-2048x1367.jpg 2048w\" sizes=\"(max-width: 2560px) 100vw, 2560px\" \/>\n<img src=\"https:\/\/kneipp-sachsen.de\/schoeneck\/wp-content\/uploads\/2021\/08\/Gesunde-Ernaehrung-scaled.jpg\" title=\"Gesunde Ern\u00e4hrung\" alt=\"Gesunde Ern\u00e4hrung\" srcset=\"https:\/\/kneipp-sachsen.de\/schoeneck\/wp-content\/uploads\/2021\/08\/Gesunde-Ernaehrung-scaled.jpg 2560w, https:\/\/kneipp-sachsen.de\/schoeneck\/wp-content\/uploads\/2021\/08\/Gesunde-Ernaehrung-300x200.jpg 300w, https:\/\/kneipp-sachsen.de\/schoeneck\/wp-content\/uploads\/2021\/08\/Gesunde-Ernaehrung-1024x683.jpg 1024w, https:\/\/kneipp-sachsen.de\/schoeneck\/wp-content\/uploads\/2021\/08\/Gesunde-Ernaehrung-768x512.jpg 768w, https:\/\/kneipp-sachsen.de\/schoeneck\/wp-content\/uploads\/2021\/08\/Gesunde-Ernaehrung-1536x1024.jpg 1536w, https:\/\/kneipp-sachsen.de\/schoeneck\/wp-content\/uploads\/2021\/08\/Gesunde-Ernaehrung-2048x1365.jpg 2048w\" sizes=\"(max-width: 2560px) 100vw, 2560px\" \/>\n\n<h2>Unser Ziel: gesunde Menschen<br\/><\/h2>\n<p>Ein gesundes Leben im Einklang mit der Natur f\u00fchren und auf diese Art aktiv vorbeugen und Heilung finden. Diesen ganzheitlichen Ansatz hat Sebastian Kneipp (1821 bis 1897) vor 150 Jahren zur Grundlage seiner umfassenden Heilverfahren gemacht - mit Erfolg.<\/p>\n\n<h2>Wir bringen Bewegung ins Leben<br\/><\/h2>\n<p>Das Kneippsche Gesundheitskonzept hat \u00fcberdauert und sich stetig weiter entwickelt. Aus der urspr\u00fcnglichen Wasser- und Kr\u00e4uterheilkunde entstand ein ganzes und hoch anerkanntes Gesundheitskonzept. Leben nach Kneipp ist einfach, kostet fast nichts - nicht einmal viel Zeit - und bringt den Menschen in Bewegung. Das macht gesund (oder noch ges\u00fcnder), bewirkt ein hoch wirksames Immunsystem, umfassende Fitness, \u00fcberdurchschnittliche Stressresistenz und gute Stimmung. Ideal f\u00fcr jedes Alter, jeden Geldbeutel, jeden Bildungsstand, jede Lebenseinstellung - und gleicherma\u00dfen f\u00fcr Gesunde und Kranke.<\/p>","_links":{"self":[{"href":"https:\/\/kneipp-sachsen.de\/schoeneck\/wp-json\/wp\/v2\/pages\/42","targetHints":{"allow":["GET"]}}],"collection":[{"href":"https:\/\/kneipp-sachsen.de\/schoeneck\/wp-json\/wp\/v2\/pages"}],"about":[{"href":"https:\/\/kneipp-sachsen.de\/schoeneck\/wp-json\/wp\/v2\/types\/page"}],"author":[{"embeddable":true,"href":"https:\/\/kneipp-sachsen.de\/schoeneck\/wp-json\/wp\/v2\/users\/2"}],"replies":[{"embeddable":true,"href":"https:\/\/kneipp-sachsen.de\/schoeneck\/wp-json\/wp\/v2\/comments?post=42"}],"version-history":[{"count":7,"href":"https:\/\/kneipp-sachsen.de\/schoeneck\/wp-json\/wp\/v2\/pages\/42\/revisions"}],"predecessor-version":[{"id":402,"href":"https:\/\/kneipp-sachsen.de\/schoeneck\/wp-json\/wp\/v2\/pages\/42\/revisions\/402"}],"up":[{"embeddable":true,"href":"https:\/\/kneipp-sachsen.de\/schoeneck\/wp-json\/wp\/v2\/pages\/40"}],"wp:attachment":[{"href":"https:\/\/kneipp-sachsen.de\/schoeneck\/wp-json\/wp\/v2\/media?parent=42"}],"curies":[{"name":"wp","href":"https:\/\/api.w.org\/{rel}","templated":true}]}}