{"id":46,"date":"2021-07-26T22:50:00","date_gmt":"2021-07-26T20:50:00","guid":{"rendered":"https:\/\/www.kneipp-sachsen.de\/bad-schlema\/?page_id=46"},"modified":"2021-07-26T22:59:26","modified_gmt":"2021-07-26T20:59:26","slug":"lebenslauf","status":"publish","type":"page","link":"https:\/\/kneipp-sachsen.de\/schoeneck\/kneipp-therapie\/sebastian-kneipp\/lebenslauf\/","title":{"rendered":"Lebenslauf"},"content":{"rendered":"<!--themify_builder_content-->\n<div id=\"themify_builder_content-46\" data-postid=\"46\" class=\"themify_builder_content themify_builder_content-46 themify_builder tf_clear\">\n                    <div  data-lazy=\"1\" class=\"module_row themify_builder_row tb_gjyg414 tb_first tf_w\">\n                        <div class=\"row_inner col_align_top tb_col_count_1 tf_box tf_rel\">\n                        <div  data-lazy=\"1\" class=\"module_column tb-column col-full tb_i9yv417 first\">\n                            <div  data-lazy=\"1\" class=\"module_subrow themify_builder_sub_row tf_w col_align_top tb_col_count_1 tb_4a75418\">\n                <div  data-lazy=\"1\" class=\"module_column sub_column col-full tb_r3uo421 first\">\n                    <!-- module fancy heading -->\n<div  class=\"module module-fancy-heading tb_7wb1423 \" data-lazy=\"1\">\n        <h1 class=\"fancy-heading\">\n    <span class=\"main-head tf_block\">\n                    Lebenslauf            <\/span>\n\n    \n    <span class=\"sub-head tf_block tf_rel\">\n                                <\/span>\n    <\/h1>\n<\/div>\n<!-- \/module fancy heading -->\n<!-- module text -->\n<div  class=\"module module-text tb_jj75429  repeat \" data-lazy=\"1\">\n        <div  class=\"tb_text_wrap\">\n        <div id=\"c934\" class=\"frame frame-default frame-type-textpic frame-layout-0\"><div class=\"ce-textpic ce-right ce-intext\"><div class=\"ce-bodytext\"><p><strong>17.05.1821:<\/strong> Geburt in Stephansried bei Ottobeuren. Sein Vater war Weber und in dem \u00e4rmlichen Anwesen herrschten bescheidene Verh\u00e4ltnisse. Schon im Alter von elf Jahren musste er T\u00fccher weben und das Vieh der Bauern h\u00fcten.<br \/><br \/><strong>1844:<\/strong> Eintritt in das Gymnasium in Dillingen an der Donau<br \/><br \/><strong>06.08.1852:<\/strong> Nach dem Studium in Dillingen und M\u00fcnchen wurde Sebastian Kneipp in Augsburg zum Priester geweiht. <br \/><br \/><strong>24.08.1852:<\/strong> Primiz in der Basilika des heimatlichen Ottobeuren<br \/><br \/><strong>02.05.1855:<\/strong> Sebastian Kneipp kommt nach W\u00f6rishofen, wo er von nun an \u00fcber 40 Jahre wirken sollte. Als Beichtvater der Dominikanerinnen im Kloster sieht sich Kneipp von Beginn an in W\u00f6rishofen nicht nur als geistlicher Beistand der Schwestern. Neben der geistlichen T\u00e4tigkeit und der t\u00e4glichen b\u00e4uerlichen Arbeit sieht Sebastian Kneipp einen wesentlichen Auftrag darin, Kranken zu helfen und Gesunde vor Krankheiten zu sch\u00fctzen. Bereits w\u00e4hrend der Studienzeit in Dillingen und M\u00fcnchen hat Kneipp viele Begegnungen mit der Heilkraft des Wassers gehabt. Als er selbst schwer an Tuberkulose erkrankt war, hatte er sich mit kalten B\u00e4dern geheilt. Pfarrer Kneipp erforschte aber auch die Wirkung der Pflanzen und das Zusammenspiel von Nahrung und Bewegung beim Menschen.<br \/><br \/><strong>April 1881:<\/strong> Sebastian Kneipp wird Pfarrer von W\u00f6rishofen. Er zieht vom Kloster ins Pfarrhaus um. Es beginnen hektische Jahre f\u00fcr ihn. Er h\u00e4lt in ganz Europa Vortr\u00e4ge. Er schreibt zahlreiche B\u00fccher. Er behandelt und forscht. Ein immer gr\u00f6\u00dfer werdender Kreis von \u00c4rzten, Bademeistern und anderen Helfern schart sich um Kneipp, denn l\u00e4ngst kann er alle Aufgaben nicht mehr allein bew\u00e4ltigen. <br \/><br \/><strong>1894:<\/strong> Eine seiner letzten Reisen f\u00fchrt ihn nach Rom, wo er von Papst Leo XII. empfangen wird und den Titel Monsignore erh\u00e4lt.<br \/><br \/><strong>17.06.1897:<\/strong> Pfarrer Monsignore Sebastian Kneipp stirbt im Alter von 76 Jahren in W\u00f6rishofen. Er hinterl\u00e4sst eine einzigartige Naturheilmethode.<\/p><\/div><\/div><\/div>    <\/div>\n<\/div>\n<!-- \/module text -->        <\/div>\n                    <\/div>\n                <\/div>\n                        <\/div>\n        <\/div>\n        <\/div>\n<!--\/themify_builder_content-->","protected":false},"excerpt":{"rendered":"<p>17.05.1821: Geburt in Stephansried bei Ottobeuren. Sein Vater war Weber und in dem \u00e4rmlichen Anwesen herrschten bescheidene Verh\u00e4ltnisse. Schon im Alter von elf Jahren musste er T\u00fccher weben und das Vieh der Bauern h\u00fcten.1844: Eintritt in das Gymnasium in Dillingen an der Donau06.08.1852: Nach dem Studium in Dillingen und M\u00fcnchen wurde Sebastian Kneipp in Augsburg [&hellip;]<\/p>\n","protected":false},"author":2,"featured_media":0,"parent":44,"menu_order":0,"comment_status":"closed","ping_status":"closed","template":"","meta":{"footnotes":"","advanced-sidebar-menu\/link-title":"","advanced-sidebar-menu\/exclude-page":false},"class_list":["post-46","page","type-page","status-publish","hentry","has-post-title","has-post-date","has-post-category","has-post-tag","has-post-comment","has-post-author",""],"yoast_head":"<!-- This site is optimized with the Yoast SEO plugin v25.6 - https:\/\/yoast.com\/wordpress\/plugins\/seo\/ -->\n<title>Lebenslauf - Kneipp Verein Sch\u00f6neck e.V.<\/title>\n<meta name=\"robots\" content=\"noindex, follow, max-snippet:-1, max-image-preview:large, max-video-preview:-1\" \/>\n<meta property=\"og:locale\" content=\"de_DE\" \/>\n<meta property=\"og:type\" content=\"article\" \/>\n<meta property=\"og:title\" content=\"Lebenslauf - Kneipp Verein Sch\u00f6neck e.V.\" \/>\n<meta property=\"og:description\" content=\"17.05.1821: Geburt in Stephansried bei Ottobeuren. Sein Vater war Weber und in dem \u00e4rmlichen Anwesen herrschten bescheidene Verh\u00e4ltnisse. Schon im Alter von elf Jahren musste er T\u00fccher weben und das Vieh der Bauern h\u00fcten.1844: Eintritt in das Gymnasium in Dillingen an der Donau06.08.1852: Nach dem Studium in Dillingen und M\u00fcnchen wurde Sebastian Kneipp in Augsburg [&hellip;]\" \/>\n<meta property=\"og:url\" content=\"https:\/\/kneipp-sachsen.de\/schoeneck\/kneipp-therapie\/sebastian-kneipp\/lebenslauf\/\" \/>\n<meta property=\"og:site_name\" content=\"Kneipp Verein Sch\u00f6neck e.V.\" \/>\n<meta property=\"article:modified_time\" content=\"2021-07-26T20:59:26+00:00\" \/>\n<meta name=\"twitter:card\" content=\"summary_large_image\" \/>\n<script type=\"application\/ld+json\" class=\"yoast-schema-graph\">{\"@context\":\"https:\/\/schema.org\",\"@graph\":[{\"@type\":\"WebPage\",\"@id\":\"https:\/\/kneipp-sachsen.de\/schoeneck\/kneipp-therapie\/sebastian-kneipp\/lebenslauf\/\",\"url\":\"https:\/\/kneipp-sachsen.de\/schoeneck\/kneipp-therapie\/sebastian-kneipp\/lebenslauf\/\",\"name\":\"Lebenslauf - Kneipp Verein Sch\u00f6neck e.V.\",\"isPartOf\":{\"@id\":\"https:\/\/kneipp-sachsen.de\/schoeneck\/#website\"},\"datePublished\":\"2021-07-26T20:50:00+00:00\",\"dateModified\":\"2021-07-26T20:59:26+00:00\",\"breadcrumb\":{\"@id\":\"https:\/\/kneipp-sachsen.de\/schoeneck\/kneipp-therapie\/sebastian-kneipp\/lebenslauf\/#breadcrumb\"},\"inLanguage\":\"de\",\"potentialAction\":[{\"@type\":\"ReadAction\",\"target\":[\"https:\/\/kneipp-sachsen.de\/schoeneck\/kneipp-therapie\/sebastian-kneipp\/lebenslauf\/\"]}]},{\"@type\":\"BreadcrumbList\",\"@id\":\"https:\/\/kneipp-sachsen.de\/schoeneck\/kneipp-therapie\/sebastian-kneipp\/lebenslauf\/#breadcrumb\",\"itemListElement\":[{\"@type\":\"ListItem\",\"position\":1,\"name\":\"Startseite\",\"item\":\"https:\/\/kneipp-sachsen.de\/schoeneck\/\"},{\"@type\":\"ListItem\",\"position\":2,\"name\":\"Kneipp-Therapie\",\"item\":\"https:\/\/kneipp-sachsen.de\/schoeneck\/kneipp-therapie\/\"},{\"@type\":\"ListItem\",\"position\":3,\"name\":\"Sebastian Kneipp\",\"item\":\"https:\/\/kneipp-sachsen.de\/schoeneck\/kneipp-therapie\/sebastian-kneipp\/\"},{\"@type\":\"ListItem\",\"position\":4,\"name\":\"Lebenslauf\"}]},{\"@type\":\"WebSite\",\"@id\":\"https:\/\/kneipp-sachsen.de\/schoeneck\/#website\",\"url\":\"https:\/\/kneipp-sachsen.de\/schoeneck\/\",\"name\":\"Kneipp-Verein Sch\u00f6neck e.V.\",\"description\":\"Eine weitere WordPress-Website\",\"potentialAction\":[{\"@type\":\"SearchAction\",\"target\":{\"@type\":\"EntryPoint\",\"urlTemplate\":\"https:\/\/kneipp-sachsen.de\/schoeneck\/?s={search_term_string}\"},\"query-input\":{\"@type\":\"PropertyValueSpecification\",\"valueRequired\":true,\"valueName\":\"search_term_string\"}}],\"inLanguage\":\"de\"}]}<\/script>\n<!-- \/ Yoast SEO plugin. -->","yoast_head_json":{"title":"Lebenslauf - Kneipp Verein Sch\u00f6neck e.V.","robots":{"index":"noindex","follow":"follow","max-snippet":"max-snippet:-1","max-image-preview":"max-image-preview:large","max-video-preview":"max-video-preview:-1"},"og_locale":"de_DE","og_type":"article","og_title":"Lebenslauf - Kneipp Verein Sch\u00f6neck e.V.","og_description":"17.05.1821: Geburt in Stephansried bei Ottobeuren. Sein Vater war Weber und in dem \u00e4rmlichen Anwesen herrschten bescheidene Verh\u00e4ltnisse. Schon im Alter von elf Jahren musste er T\u00fccher weben und das Vieh der Bauern h\u00fcten.1844: Eintritt in das Gymnasium in Dillingen an der Donau06.08.1852: Nach dem Studium in Dillingen und M\u00fcnchen wurde Sebastian Kneipp in Augsburg [&hellip;]","og_url":"https:\/\/kneipp-sachsen.de\/schoeneck\/kneipp-therapie\/sebastian-kneipp\/lebenslauf\/","og_site_name":"Kneipp Verein Sch\u00f6neck e.V.","article_modified_time":"2021-07-26T20:59:26+00:00","twitter_card":"summary_large_image","schema":{"@context":"https:\/\/schema.org","@graph":[{"@type":"WebPage","@id":"https:\/\/kneipp-sachsen.de\/schoeneck\/kneipp-therapie\/sebastian-kneipp\/lebenslauf\/","url":"https:\/\/kneipp-sachsen.de\/schoeneck\/kneipp-therapie\/sebastian-kneipp\/lebenslauf\/","name":"Lebenslauf - Kneipp Verein Sch\u00f6neck e.V.","isPartOf":{"@id":"https:\/\/kneipp-sachsen.de\/schoeneck\/#website"},"datePublished":"2021-07-26T20:50:00+00:00","dateModified":"2021-07-26T20:59:26+00:00","breadcrumb":{"@id":"https:\/\/kneipp-sachsen.de\/schoeneck\/kneipp-therapie\/sebastian-kneipp\/lebenslauf\/#breadcrumb"},"inLanguage":"de","potentialAction":[{"@type":"ReadAction","target":["https:\/\/kneipp-sachsen.de\/schoeneck\/kneipp-therapie\/sebastian-kneipp\/lebenslauf\/"]}]},{"@type":"BreadcrumbList","@id":"https:\/\/kneipp-sachsen.de\/schoeneck\/kneipp-therapie\/sebastian-kneipp\/lebenslauf\/#breadcrumb","itemListElement":[{"@type":"ListItem","position":1,"name":"Startseite","item":"https:\/\/kneipp-sachsen.de\/schoeneck\/"},{"@type":"ListItem","position":2,"name":"Kneipp-Therapie","item":"https:\/\/kneipp-sachsen.de\/schoeneck\/kneipp-therapie\/"},{"@type":"ListItem","position":3,"name":"Sebastian Kneipp","item":"https:\/\/kneipp-sachsen.de\/schoeneck\/kneipp-therapie\/sebastian-kneipp\/"},{"@type":"ListItem","position":4,"name":"Lebenslauf"}]},{"@type":"WebSite","@id":"https:\/\/kneipp-sachsen.de\/schoeneck\/#website","url":"https:\/\/kneipp-sachsen.de\/schoeneck\/","name":"Kneipp-Verein Sch\u00f6neck e.V.","description":"Eine weitere WordPress-Website","potentialAction":[{"@type":"SearchAction","target":{"@type":"EntryPoint","urlTemplate":"https:\/\/kneipp-sachsen.de\/schoeneck\/?s={search_term_string}"},"query-input":{"@type":"PropertyValueSpecification","valueRequired":true,"valueName":"search_term_string"}}],"inLanguage":"de"}]}},"builder_content":"<h1>Lebenslauf<br\/><\/h1>\n<p><strong>17.05.1821:<\/strong> Geburt in Stephansried bei Ottobeuren. Sein Vater war Weber und in dem \u00e4rmlichen Anwesen herrschten bescheidene Verh\u00e4ltnisse. Schon im Alter von elf Jahren musste er T\u00fccher weben und das Vieh der Bauern h\u00fcten.<br \/><br \/><strong>1844:<\/strong> Eintritt in das Gymnasium in Dillingen an der Donau<br \/><br \/><strong>06.08.1852:<\/strong> Nach dem Studium in Dillingen und M\u00fcnchen wurde Sebastian Kneipp in Augsburg zum Priester geweiht. <br \/><br \/><strong>24.08.1852:<\/strong> Primiz in der Basilika des heimatlichen Ottobeuren<br \/><br \/><strong>02.05.1855:<\/strong> Sebastian Kneipp kommt nach W\u00f6rishofen, wo er von nun an \u00fcber 40 Jahre wirken sollte. Als Beichtvater der Dominikanerinnen im Kloster sieht sich Kneipp von Beginn an in W\u00f6rishofen nicht nur als geistlicher Beistand der Schwestern. Neben der geistlichen T\u00e4tigkeit und der t\u00e4glichen b\u00e4uerlichen Arbeit sieht Sebastian Kneipp einen wesentlichen Auftrag darin, Kranken zu helfen und Gesunde vor Krankheiten zu sch\u00fctzen. Bereits w\u00e4hrend der Studienzeit in Dillingen und M\u00fcnchen hat Kneipp viele Begegnungen mit der Heilkraft des Wassers gehabt. Als er selbst schwer an Tuberkulose erkrankt war, hatte er sich mit kalten B\u00e4dern geheilt. Pfarrer Kneipp erforschte aber auch die Wirkung der Pflanzen und das Zusammenspiel von Nahrung und Bewegung beim Menschen.<br \/><br \/><strong>April 1881:<\/strong> Sebastian Kneipp wird Pfarrer von W\u00f6rishofen. Er zieht vom Kloster ins Pfarrhaus um. Es beginnen hektische Jahre f\u00fcr ihn. Er h\u00e4lt in ganz Europa Vortr\u00e4ge. Er schreibt zahlreiche B\u00fccher. Er behandelt und forscht. Ein immer gr\u00f6\u00dfer werdender Kreis von \u00c4rzten, Bademeistern und anderen Helfern schart sich um Kneipp, denn l\u00e4ngst kann er alle Aufgaben nicht mehr allein bew\u00e4ltigen. <br \/><br \/><strong>1894:<\/strong> Eine seiner letzten Reisen f\u00fchrt ihn nach Rom, wo er von Papst Leo XII. empfangen wird und den Titel Monsignore erh\u00e4lt.<br \/><br \/><strong>17.06.1897:<\/strong> Pfarrer Monsignore Sebastian Kneipp stirbt im Alter von 76 Jahren in W\u00f6rishofen. Er hinterl\u00e4sst eine einzigartige Naturheilmethode.<\/p>","_links":{"self":[{"href":"https:\/\/kneipp-sachsen.de\/schoeneck\/wp-json\/wp\/v2\/pages\/46","targetHints":{"allow":["GET"]}}],"collection":[{"href":"https:\/\/kneipp-sachsen.de\/schoeneck\/wp-json\/wp\/v2\/pages"}],"about":[{"href":"https:\/\/kneipp-sachsen.de\/schoeneck\/wp-json\/wp\/v2\/types\/page"}],"author":[{"embeddable":true,"href":"https:\/\/kneipp-sachsen.de\/schoeneck\/wp-json\/wp\/v2\/users\/2"}],"replies":[{"embeddable":true,"href":"https:\/\/kneipp-sachsen.de\/schoeneck\/wp-json\/wp\/v2\/comments?post=46"}],"version-history":[{"count":1,"href":"https:\/\/kneipp-sachsen.de\/schoeneck\/wp-json\/wp\/v2\/pages\/46\/revisions"}],"predecessor-version":[{"id":47,"href":"https:\/\/kneipp-sachsen.de\/schoeneck\/wp-json\/wp\/v2\/pages\/46\/revisions\/47"}],"up":[{"embeddable":true,"href":"https:\/\/kneipp-sachsen.de\/schoeneck\/wp-json\/wp\/v2\/pages\/44"}],"wp:attachment":[{"href":"https:\/\/kneipp-sachsen.de\/schoeneck\/wp-json\/wp\/v2\/media?parent=46"}],"curies":[{"name":"wp","href":"https:\/\/api.w.org\/{rel}","templated":true}]}}