{"id":50,"date":"2021-07-26T22:52:22","date_gmt":"2021-07-26T20:52:22","guid":{"rendered":"https:\/\/www.kneipp-sachsen.de\/bad-schlema\/?page_id=50"},"modified":"2025-08-02T06:36:00","modified_gmt":"2025-08-02T04:36:00","slug":"mitglied-werden","status":"publish","type":"page","link":"https:\/\/kneipp-sachsen.de\/schoeneck\/mitglied-werden\/","title":{"rendered":"Mitglied werden"},"content":{"rendered":"<!--themify_builder_content-->\n<div id=\"themify_builder_content-50\" data-postid=\"50\" class=\"themify_builder_content themify_builder_content-50 themify_builder tf_clear\">\n                    <div  data-lazy=\"1\" class=\"module_row themify_builder_row tb_7oxm226 tb_first tf_w\">\n                        <div class=\"row_inner col_align_top tb_col_count_1 tf_box tf_rel\">\n                        <div  data-lazy=\"1\" class=\"module_column tb-column col-full tb_sxxw231 first\">\n                            <div  data-lazy=\"1\" class=\"module_subrow themify_builder_sub_row tf_w col_align_top tb_col_count_1 tb_6uhj232\">\n                <div  data-lazy=\"1\" class=\"module_column sub_column col-full tb_ntdr237 first\">\n                    <!-- module fancy heading -->\n<div  class=\"module module-fancy-heading tb_rywi239 \" data-lazy=\"1\">\n        <h1 class=\"fancy-heading\">\n    <span class=\"main-head tf_block\">\n                    Werden Sie Mitglied in einem \u00f6rtlichen Kneipp-Verein!            <\/span>\n\n    \n    <span class=\"sub-head tf_block tf_rel\">\n                                <\/span>\n    <\/h1>\n<\/div>\n<!-- \/module fancy heading -->\n<!-- module text -->\n<div  class=\"module module-text tb_q0tp246   \" data-lazy=\"1\">\n        <div  class=\"tb_text_wrap\">\n        <p>Werden auch Sie Mitglied im Kneipp-Verein Sch\u00f6neck. F\u00fcr Ihr Wohlbefinden und Ihre Gesundheit! Nehmen Sie einfach mit uns Kontakt auf. Ihre Fragen beantworten wir gern.<\/p>\n<h3>Ihre Mitgliedervorteile:<\/h3>\n<ul>\n<li>Sie erhalten die beliebte Mitgliederzeitschrift &#8222;Kneipp-Journal&#8220; frei Haus.<\/li>\n<li>Sie erhalten Verg\u00fcnstigungen bei Aus-, Fort- und Weiterbildungskursen der Sebastian-Kneipp-Akademie (SKA) und\u00a0 verbringen Ihren Urlaub zu erm\u00e4\u00dfigten Preisen in den Kneipp-Kurhotels in Bad W\u00f6rishofen und Bad Lauterberg<\/li>\n<li>Sie nutzen die vielf\u00e4ltigen gesundheitsorientierten Bewegungs- und Entspannungsangebote zum Mitgliederpreis.<\/li>\n<li>Sie lernen Kneipp-Anwendungen, Heilpflanzen und ihre positiven Wirkungen kennen.<\/li>\n<li>Sie erhalten viele Tipps rund um die f\u00fcnf Elemente Bewegung, Ern\u00e4hrung, Lebensordnung, Wasser und Heilpflanzen.<\/li>\n<li>Sie werden Teil der Kneipp-Bewegung und finden Kontakt zu gleichgesinnten, gesundheitsbewussten Menschen aller Altersgruppen in den Vereinen, bei Reisen, Ausfl\u00fcgen und Wanderungen.<\/li>\n<li>Sie erleben geselliges Miteinander bei verschiedenen Anl\u00e4ssen.<\/li>\n<\/ul>\n<p><strong>Jahresbeitr\u00e4ge:<\/strong><\/p>\n<p>Jugendmitgliedschaft (18- 24 Jahre) 25,00 Euro<br>Erwachsene 50,00 \u20ac<br>Familien\/Ehepaare 70,00 \u20ac<br>Jurist. Personen: 500,00 Euro (nach Absprache)<\/p>\n<p><a href=\"https:\/\/kneipp-sachsen.de\/schoeneck\/wp-content\/uploads\/2025\/08\/Kneipp_Beitrittserklaerung.pdf\">Mitgliedsantrag zum Download<\/a><\/p>\n<h3>Nehmen Sie einfach <a href=\"https:\/\/kneipp-sachsen.de\/schoeneck\/wer-wir-sind\/ueber-uns\/kontakt\/\" target=\"_blank\" rel=\"noopener\">Kontakt<\/a> zu uns auf, wir freuen uns auf Sie!<\/h3>    <\/div>\n<\/div>\n<!-- \/module text -->        <\/div>\n                    <\/div>\n                <\/div>\n                        <\/div>\n        <\/div>\n        <\/div>\n<!--\/themify_builder_content-->","protected":false},"excerpt":{"rendered":"<p>Werden auch Sie Mitglied im Kneipp-Verein Sch\u00f6neck. F\u00fcr Ihr Wohlbefinden und Ihre Gesundheit! Nehmen Sie einfach mit uns Kontakt auf. Ihre Fragen beantworten wir gern. Ihre Mitgliedervorteile: Sie erhalten die beliebte Mitgliederzeitschrift &#8222;Kneipp-Journal&#8220; frei Haus. Sie erhalten Verg\u00fcnstigungen bei Aus-, Fort- und Weiterbildungskursen der Sebastian-Kneipp-Akademie (SKA) und\u00a0 verbringen Ihren Urlaub zu erm\u00e4\u00dfigten Preisen in den [&hellip;]<\/p>\n","protected":false},"author":2,"featured_media":0,"parent":0,"menu_order":0,"comment_status":"closed","ping_status":"closed","template":"","meta":{"footnotes":"","advanced-sidebar-menu\/link-title":"","advanced-sidebar-menu\/exclude-page":false},"class_list":["post-50","page","type-page","status-publish","hentry","has-post-title","has-post-date","has-post-category","has-post-tag","has-post-comment","has-post-author",""],"yoast_head":"<!-- This site is optimized with the Yoast SEO plugin v25.6 - https:\/\/yoast.com\/wordpress\/plugins\/seo\/ -->\n<title>Mitglied werden - Kneipp Verein Sch\u00f6neck e.V.<\/title>\n<meta name=\"robots\" content=\"noindex, follow, max-snippet:-1, max-image-preview:large, max-video-preview:-1\" \/>\n<meta property=\"og:locale\" content=\"de_DE\" \/>\n<meta property=\"og:type\" content=\"article\" \/>\n<meta property=\"og:title\" content=\"Mitglied werden - Kneipp Verein Sch\u00f6neck e.V.\" \/>\n<meta property=\"og:description\" content=\"Werden auch Sie Mitglied im Kneipp-Verein Sch\u00f6neck. F\u00fcr Ihr Wohlbefinden und Ihre Gesundheit! Nehmen Sie einfach mit uns Kontakt auf. Ihre Fragen beantworten wir gern. Ihre Mitgliedervorteile: Sie erhalten die beliebte Mitgliederzeitschrift &quot;Kneipp-Journal&quot; frei Haus. Sie erhalten Verg\u00fcnstigungen bei Aus-, Fort- und Weiterbildungskursen der Sebastian-Kneipp-Akademie (SKA) und\u00a0 verbringen Ihren Urlaub zu erm\u00e4\u00dfigten Preisen in den [&hellip;]\" \/>\n<meta property=\"og:url\" content=\"https:\/\/kneipp-sachsen.de\/schoeneck\/mitglied-werden\/\" \/>\n<meta property=\"og:site_name\" content=\"Kneipp Verein Sch\u00f6neck e.V.\" \/>\n<meta property=\"article:modified_time\" content=\"2025-08-02T04:36:00+00:00\" \/>\n<meta name=\"twitter:card\" content=\"summary_large_image\" \/>\n<meta name=\"twitter:label1\" content=\"Gesch\u00e4tzte Lesezeit\" \/>\n\t<meta name=\"twitter:data1\" content=\"1\u00a0Minute\" \/>\n<script type=\"application\/ld+json\" class=\"yoast-schema-graph\">{\"@context\":\"https:\/\/schema.org\",\"@graph\":[{\"@type\":\"WebPage\",\"@id\":\"https:\/\/kneipp-sachsen.de\/schoeneck\/mitglied-werden\/\",\"url\":\"https:\/\/kneipp-sachsen.de\/schoeneck\/mitglied-werden\/\",\"name\":\"Mitglied werden - Kneipp Verein Sch\u00f6neck e.V.\",\"isPartOf\":{\"@id\":\"https:\/\/kneipp-sachsen.de\/schoeneck\/#website\"},\"datePublished\":\"2021-07-26T20:52:22+00:00\",\"dateModified\":\"2025-08-02T04:36:00+00:00\",\"breadcrumb\":{\"@id\":\"https:\/\/kneipp-sachsen.de\/schoeneck\/mitglied-werden\/#breadcrumb\"},\"inLanguage\":\"de\",\"potentialAction\":[{\"@type\":\"ReadAction\",\"target\":[\"https:\/\/kneipp-sachsen.de\/schoeneck\/mitglied-werden\/\"]}]},{\"@type\":\"BreadcrumbList\",\"@id\":\"https:\/\/kneipp-sachsen.de\/schoeneck\/mitglied-werden\/#breadcrumb\",\"itemListElement\":[{\"@type\":\"ListItem\",\"position\":1,\"name\":\"Startseite\",\"item\":\"https:\/\/kneipp-sachsen.de\/schoeneck\/\"},{\"@type\":\"ListItem\",\"position\":2,\"name\":\"Mitglied werden\"}]},{\"@type\":\"WebSite\",\"@id\":\"https:\/\/kneipp-sachsen.de\/schoeneck\/#website\",\"url\":\"https:\/\/kneipp-sachsen.de\/schoeneck\/\",\"name\":\"Kneipp-Verein Sch\u00f6neck e.V.\",\"description\":\"Eine weitere WordPress-Website\",\"potentialAction\":[{\"@type\":\"SearchAction\",\"target\":{\"@type\":\"EntryPoint\",\"urlTemplate\":\"https:\/\/kneipp-sachsen.de\/schoeneck\/?s={search_term_string}\"},\"query-input\":{\"@type\":\"PropertyValueSpecification\",\"valueRequired\":true,\"valueName\":\"search_term_string\"}}],\"inLanguage\":\"de\"}]}<\/script>\n<!-- \/ Yoast SEO plugin. -->","yoast_head_json":{"title":"Mitglied werden - Kneipp Verein Sch\u00f6neck e.V.","robots":{"index":"noindex","follow":"follow","max-snippet":"max-snippet:-1","max-image-preview":"max-image-preview:large","max-video-preview":"max-video-preview:-1"},"og_locale":"de_DE","og_type":"article","og_title":"Mitglied werden - Kneipp Verein Sch\u00f6neck e.V.","og_description":"Werden auch Sie Mitglied im Kneipp-Verein Sch\u00f6neck. F\u00fcr Ihr Wohlbefinden und Ihre Gesundheit! Nehmen Sie einfach mit uns Kontakt auf. Ihre Fragen beantworten wir gern. Ihre Mitgliedervorteile: Sie erhalten die beliebte Mitgliederzeitschrift \"Kneipp-Journal\" frei Haus. Sie erhalten Verg\u00fcnstigungen bei Aus-, Fort- und Weiterbildungskursen der Sebastian-Kneipp-Akademie (SKA) und\u00a0 verbringen Ihren Urlaub zu erm\u00e4\u00dfigten Preisen in den [&hellip;]","og_url":"https:\/\/kneipp-sachsen.de\/schoeneck\/mitglied-werden\/","og_site_name":"Kneipp Verein Sch\u00f6neck e.V.","article_modified_time":"2025-08-02T04:36:00+00:00","twitter_card":"summary_large_image","twitter_misc":{"Gesch\u00e4tzte Lesezeit":"1\u00a0Minute"},"schema":{"@context":"https:\/\/schema.org","@graph":[{"@type":"WebPage","@id":"https:\/\/kneipp-sachsen.de\/schoeneck\/mitglied-werden\/","url":"https:\/\/kneipp-sachsen.de\/schoeneck\/mitglied-werden\/","name":"Mitglied werden - Kneipp Verein Sch\u00f6neck e.V.","isPartOf":{"@id":"https:\/\/kneipp-sachsen.de\/schoeneck\/#website"},"datePublished":"2021-07-26T20:52:22+00:00","dateModified":"2025-08-02T04:36:00+00:00","breadcrumb":{"@id":"https:\/\/kneipp-sachsen.de\/schoeneck\/mitglied-werden\/#breadcrumb"},"inLanguage":"de","potentialAction":[{"@type":"ReadAction","target":["https:\/\/kneipp-sachsen.de\/schoeneck\/mitglied-werden\/"]}]},{"@type":"BreadcrumbList","@id":"https:\/\/kneipp-sachsen.de\/schoeneck\/mitglied-werden\/#breadcrumb","itemListElement":[{"@type":"ListItem","position":1,"name":"Startseite","item":"https:\/\/kneipp-sachsen.de\/schoeneck\/"},{"@type":"ListItem","position":2,"name":"Mitglied werden"}]},{"@type":"WebSite","@id":"https:\/\/kneipp-sachsen.de\/schoeneck\/#website","url":"https:\/\/kneipp-sachsen.de\/schoeneck\/","name":"Kneipp-Verein Sch\u00f6neck e.V.","description":"Eine weitere WordPress-Website","potentialAction":[{"@type":"SearchAction","target":{"@type":"EntryPoint","urlTemplate":"https:\/\/kneipp-sachsen.de\/schoeneck\/?s={search_term_string}"},"query-input":{"@type":"PropertyValueSpecification","valueRequired":true,"valueName":"search_term_string"}}],"inLanguage":"de"}]}},"builder_content":"<h1>Werden Sie Mitglied in einem \u00f6rtlichen Kneipp-Verein!<br\/><\/h1>\n<p>Werden auch Sie Mitglied im Kneipp-Verein Sch\u00f6neck. F\u00fcr Ihr Wohlbefinden und Ihre Gesundheit! Nehmen Sie einfach mit uns Kontakt auf. Ihre Fragen beantworten wir gern.<\/p> <h3>Ihre Mitgliedervorteile:<\/h3> <ul> <li>Sie erhalten die beliebte Mitgliederzeitschrift \"Kneipp-Journal\" frei Haus.<\/li> <li>Sie erhalten Verg\u00fcnstigungen bei Aus-, Fort- und Weiterbildungskursen der Sebastian-Kneipp-Akademie (SKA) und\u00a0 verbringen Ihren Urlaub zu erm\u00e4\u00dfigten Preisen in den Kneipp-Kurhotels in Bad W\u00f6rishofen und Bad Lauterberg<\/li> <li>Sie nutzen die vielf\u00e4ltigen gesundheitsorientierten Bewegungs- und Entspannungsangebote zum Mitgliederpreis.<\/li> <li>Sie lernen Kneipp-Anwendungen, Heilpflanzen und ihre positiven Wirkungen kennen.<\/li> <li>Sie erhalten viele Tipps rund um die f\u00fcnf Elemente Bewegung, Ern\u00e4hrung, Lebensordnung, Wasser und Heilpflanzen.<\/li> <li>Sie werden Teil der Kneipp-Bewegung und finden Kontakt zu gleichgesinnten, gesundheitsbewussten Menschen aller Altersgruppen in den Vereinen, bei Reisen, Ausfl\u00fcgen und Wanderungen.<\/li> <li>Sie erleben geselliges Miteinander bei verschiedenen Anl\u00e4ssen.<\/li> <\/ul> <p><strong>Jahresbeitr\u00e4ge:<\/strong><\/p> <p>Jugendmitgliedschaft (18- 24 Jahre) 25,00 Euro<br>Erwachsene 50,00 \u20ac<br>Familien\/Ehepaare 70,00 \u20ac<br>Jurist. Personen: 500,00 Euro (nach Absprache)<\/p> <p><a href=\"https:\/\/kneipp-sachsen.de\/schoeneck\/wp-content\/uploads\/2025\/08\/Kneipp_Beitrittserklaerung.pdf\">Mitgliedsantrag zum Download<\/a><\/p> <h3>Nehmen Sie einfach <a href=\"https:\/\/kneipp-sachsen.de\/schoeneck\/wer-wir-sind\/ueber-uns\/kontakt\/\" target=\"_blank\" rel=\"noopener\">Kontakt<\/a> zu uns auf, wir freuen uns auf Sie!<\/h3>","_links":{"self":[{"href":"https:\/\/kneipp-sachsen.de\/schoeneck\/wp-json\/wp\/v2\/pages\/50","targetHints":{"allow":["GET"]}}],"collection":[{"href":"https:\/\/kneipp-sachsen.de\/schoeneck\/wp-json\/wp\/v2\/pages"}],"about":[{"href":"https:\/\/kneipp-sachsen.de\/schoeneck\/wp-json\/wp\/v2\/types\/page"}],"author":[{"embeddable":true,"href":"https:\/\/kneipp-sachsen.de\/schoeneck\/wp-json\/wp\/v2\/users\/2"}],"replies":[{"embeddable":true,"href":"https:\/\/kneipp-sachsen.de\/schoeneck\/wp-json\/wp\/v2\/comments?post=50"}],"version-history":[{"count":6,"href":"https:\/\/kneipp-sachsen.de\/schoeneck\/wp-json\/wp\/v2\/pages\/50\/revisions"}],"predecessor-version":[{"id":483,"href":"https:\/\/kneipp-sachsen.de\/schoeneck\/wp-json\/wp\/v2\/pages\/50\/revisions\/483"}],"wp:attachment":[{"href":"https:\/\/kneipp-sachsen.de\/schoeneck\/wp-json\/wp\/v2\/media?parent=50"}],"curies":[{"name":"wp","href":"https:\/\/api.w.org\/{rel}","templated":true}]}}