{"id":60,"date":"2021-07-26T22:56:20","date_gmt":"2021-07-26T20:56:20","guid":{"rendered":"https:\/\/www.kneipp-sachsen.de\/bad-schlema\/?page_id=60"},"modified":"2025-08-02T06:36:37","modified_gmt":"2025-08-02T04:36:37","slug":"kontakt","status":"publish","type":"page","link":"https:\/\/kneipp-sachsen.de\/schoeneck\/wer-wir-sind\/ueber-uns\/kontakt\/","title":{"rendered":"Kontakt"},"content":{"rendered":"<!--themify_builder_content-->\n<div id=\"themify_builder_content-60\" data-postid=\"60\" class=\"themify_builder_content themify_builder_content-60 themify_builder tf_clear\">\n                    <div  data-lazy=\"1\" class=\"module_row themify_builder_row tb_7e4519 tb_first tf_w\">\n                        <div class=\"row_inner col_align_top tb_col_count_1 tf_box tf_rel\">\n                        <div  data-lazy=\"1\" class=\"module_column tb-column col-full tb_lyj222 first\">\n                            <div  data-lazy=\"1\" class=\"module_subrow themify_builder_sub_row tf_w col_align_top tb_col_count_1 tb_jba723\">\n                <div  data-lazy=\"1\" class=\"module_column sub_column col-full tb_4pwp28 first\">\n                    <!-- module fancy heading -->\n<div  class=\"module module-fancy-heading tb_lehd29 \" data-lazy=\"1\">\n        <h1 class=\"fancy-heading\">\n    <span class=\"main-head tf_block\">\n                    Kontakt            <\/span>\n\n    \n    <span class=\"sub-head tf_block tf_rel\">\n                                <\/span>\n    <\/h1>\n<\/div>\n<!-- \/module fancy heading -->\n<!-- module contact -->\n<div  id=\"tb_l5fy35\" class=\"module module-contact tb_l5fy35 contact-style2 \" data-lazy=\"1\">\n    \n\t<form class=\"builder-contact\"\n\t\tid=\"tb_l5fy35-form\"\n\t\tmethod=\"post\"\n\t\tdata-post-id=\"60\"\n\t\tdata-element-id=\"l5fy35\"\n\t\tdata-orig-id=\"60\"\n\t>\n    <div class=\"contact-message\"><\/div>\n\t<div class=\"builder-contact-fields tf_rel\">\n\t\t    \t\t    \t\t    <div class=\"builder-contact-field builder-contact-field-extra builder-contact-static-field\">\n\t\t\t\t\n\t\t\t\t<label class=\"control-label\">\n\t\t\t\t\t\n\t\t\t\t\t<h3>Pers\u00f6nliche Daten<\/h3>\t\t\t\t\t\t\t\t\t<\/label>\n\t\t\t\t<div class=\"control-input tf_rel\">\n\t\t\t\t\t\t\t\t\t\t\t\t\t\t\t\t\n\t\t\t\t\t\t\t\t\t<\/div>\n\t\t    <\/div>\n\t    \n\t\t    \t\t    \t\t    <div class=\"builder-contact-field builder-contact-field-extra builder-contact-select-field\">\n\t\t\t\t\n\t\t\t\t<label class=\"control-label\" for=\"field_extra_tb_l5fy35_1\">\n\t\t\t\t\t\n\t\t\t\t\tAnrede\t\t\t\t\t\t\t\t\t\t\t<input type=\"hidden\" name=\"field_extra_name_1\" value=\"Anrede\">\n\t\t\t\t\t\t\t\t\t\t\t<span class=\"required\">*<\/span>\n\t\t\t\t\t\t\t\t\t<\/label>\n\t\t\t\t<div class=\"control-input tf_rel\">\n\t\t\t\t\t\t\t\t\t\t\t\t\t\t\t\t\t\t<select id=\"field_extra_tb_l5fy35_1\" name=\"field_extra_1\" class=\"form-control tf_scrollbar\" required>\n\t\t\t\t\t\t\t\t\t\t\t\t\t\t\t\t\t\t\t\t\t\t\t\t\t<option value=\"Herr\"> Herr <\/option>\n\t\t\t\t\t\t\t\t\t\t\t\t\t\t\t\t\t<option value=\"Frau\"> Frau <\/option>\n\t\t\t\t\t\t\t\t\t\t\t\t\t\t\t<\/select>\n\t\t\t\t\t\t\t\t\t\t\t\n\t\t\t\t\t\t\t\t\t<\/div>\n\t\t    <\/div>\n\t    \n\t\t    \t\t    \t\t    <div class=\"builder-contact-field builder-contact-field-extra builder-contact-text-field\">\n\t\t\t\t\n\t\t\t\t<label class=\"control-label\" for=\"field_extra_tb_l5fy35_2\">\n\t\t\t\t\t\n\t\t\t\t\tVorname\t\t\t\t\t\t\t\t\t\t\t<input type=\"hidden\" name=\"field_extra_name_2\" value=\"Vorname\">\n\t\t\t\t\t\t\t\t\t\t\t<span class=\"required\">*<\/span>\n\t\t\t\t\t\t\t\t\t<\/label>\n\t\t\t\t<div class=\"control-input tf_rel\">\n\t\t\t\t\t\t\t\t\t\t\t<input type=\"text\" name=\"field_extra_2\" id=\"field_extra_tb_l5fy35_2\" placeholder=\"\" class=\"form-control\" required>\n\t\t\t\t\t\n\t\t\t\t\t\t\t\t\t<\/div>\n\t\t    <\/div>\n\t    \n\t\t    \t\t    <div class=\"builder-contact-field builder-contact-field-name builder-contact-text-field\">\n\t\t\t    <label class=\"control-label\" for=\"tb_l5fy35-contact-name\">\n\t\t\t\t\t\t\t\t\t\t<span class=\"tb-label-span\">Nachname <\/span><span class=\"required\">*<\/span>\t\t\t\t<\/label>\n\t\t\t    <div class=\"control-input tf_rel\">\n\t\t\t\t    \t\t\t\t\t    <input type=\"text\" name=\"contact-name\" placeholder=\"\" id=\"tb_l5fy35-contact-name\" value=\"\" class=\"form-control\" required>\n\t\t\t\t    \t\t\t\t    \t\t\t    <\/div>\n\t\t<\/div>\n\t    \n\t\t    \t\t    \t\t    <div class=\"builder-contact-field builder-contact-field-extra builder-contact-static-field\">\n\t\t\t\t\n\t\t\t\t<label class=\"control-label\">\n\t\t\t\t\t\n\t\t\t\t\t<h3>Adresse<\/h3>\t\t\t\t\t\t\t\t\t<\/label>\n\t\t\t\t<div class=\"control-input tf_rel\">\n\t\t\t\t\t\t\t\t\t\t\t\t\t\t\t\t\n\t\t\t\t\t\t\t\t\t<\/div>\n\t\t    <\/div>\n\t    \n\t\t    \t\t    \t\t    <div class=\"builder-contact-field builder-contact-field-extra builder-contact-text-field\">\n\t\t\t\t\n\t\t\t\t<label class=\"control-label\" for=\"field_extra_tb_l5fy35_4\">\n\t\t\t\t\t\n\t\t\t\t\tStra\u00dfe + Hausnr.\t\t\t\t\t\t\t\t\t\t\t<input type=\"hidden\" name=\"field_extra_name_4\" value=\"Stra\u00dfe + Hausnr.\">\n\t\t\t\t\t\t\t\t\t<\/label>\n\t\t\t\t<div class=\"control-input tf_rel\">\n\t\t\t\t\t\t\t\t\t\t\t<input type=\"text\" name=\"field_extra_4\" id=\"field_extra_tb_l5fy35_4\" placeholder=\"\" class=\"form-control\">\n\t\t\t\t\t\n\t\t\t\t\t\t\t\t\t<\/div>\n\t\t    <\/div>\n\t    \n\t\t    \t\t    \t\t    <div class=\"builder-contact-field builder-contact-field-extra builder-contact-text-field\">\n\t\t\t\t\n\t\t\t\t<label class=\"control-label\" for=\"field_extra_tb_l5fy35_5\">\n\t\t\t\t\t\n\t\t\t\t\tPLZ\t\t\t\t\t\t\t\t\t\t\t<input type=\"hidden\" name=\"field_extra_name_5\" value=\"PLZ\">\n\t\t\t\t\t\t\t\t\t<\/label>\n\t\t\t\t<div class=\"control-input tf_rel\">\n\t\t\t\t\t\t\t\t\t\t\t<input type=\"text\" name=\"field_extra_5\" id=\"field_extra_tb_l5fy35_5\" placeholder=\"\" class=\"form-control\">\n\t\t\t\t\t\n\t\t\t\t\t\t\t\t\t<\/div>\n\t\t    <\/div>\n\t    \n\t\t    \t\t    \t\t    <div class=\"builder-contact-field builder-contact-field-extra builder-contact-text-field\">\n\t\t\t\t\n\t\t\t\t<label class=\"control-label\" for=\"field_extra_tb_l5fy35_6\">\n\t\t\t\t\t\n\t\t\t\t\tOrt\t\t\t\t\t\t\t\t\t\t\t<input type=\"hidden\" name=\"field_extra_name_6\" value=\"Ort\">\n\t\t\t\t\t\t\t\t\t<\/label>\n\t\t\t\t<div class=\"control-input tf_rel\">\n\t\t\t\t\t\t\t\t\t\t\t<input type=\"text\" name=\"field_extra_6\" id=\"field_extra_tb_l5fy35_6\" placeholder=\"\" class=\"form-control\">\n\t\t\t\t\t\n\t\t\t\t\t\t\t\t\t<\/div>\n\t\t    <\/div>\n\t    \n\t\t    \t\t    \t\t    <div class=\"builder-contact-field builder-contact-field-extra builder-contact-static-field\">\n\t\t\t\t\n\t\t\t\t<label class=\"control-label\">\n\t\t\t\t\t\n\t\t\t\t\t<h3>Kontaktm\u00f6glichkeiten<\/h3>\t\t\t\t\t\t\t\t\t<\/label>\n\t\t\t\t<div class=\"control-input tf_rel\">\n\t\t\t\t\t\t\t\t\t\t\t\t\t\t\t\t\n\t\t\t\t\t\t\t\t\t<\/div>\n\t\t    <\/div>\n\t    \n\t\t    \t\t    <div class=\"builder-contact-field builder-contact-field-email builder-contact-text-field\">\n\t\t\t    <label class=\"control-label\" for=\"tb_l5fy35-contact-email\">\n\t\t\t\t\t\t\t\t\t\t<span class=\"tb-label-span\">Email <\/span><span class=\"required\">*<\/span>\t\t\t\t<\/label>\n\t\t\t    <div class=\"control-input tf_rel\">\n\t\t\t\t    \t\t\t\t\t    <input type=\"email\" name=\"contact-email\" placeholder=\"\" id=\"tb_l5fy35-contact-email\" value=\"\" class=\"form-control\" required>\n\t\t\t\t    \t\t\t\t    \t\t\t    <\/div>\n\t\t<\/div>\n\t    \n\t\t    \t\t    \t\t    <div class=\"builder-contact-field builder-contact-field-extra builder-contact-text-field builder-contact-tel-field\">\n\t\t\t\t\n\t\t\t\t<label class=\"control-label\" for=\"field_extra_tb_l5fy35_8\">\n\t\t\t\t\t\n\t\t\t\t\tTelefon\t\t\t\t\t\t\t\t\t\t\t<input type=\"hidden\" name=\"field_extra_name_8\" value=\"Telefon\">\n\t\t\t\t\t\t\t\t\t<\/label>\n\t\t\t\t<div class=\"control-input tf_rel\">\n\t\t\t\t\t\t\t\t\t\t\t<input type=\"tel\" name=\"field_extra_8\" id=\"field_extra_tb_l5fy35_8\" placeholder=\"\" class=\"form-control\">\n\t\t\t\t\t\n\t\t\t\t\t\t\t\t\t<\/div>\n\t\t    <\/div>\n\t    \n\t\t    \t\t    \t\t    <div class=\"builder-contact-field builder-contact-field-extra builder-contact-static-field\">\n\t\t\t\t\n\t\t\t\t<label class=\"control-label\">\n\t\t\t\t\t\n\t\t\t\t\t<h3>Mitteilung<\/h3>\t\t\t\t\t\t\t\t\t<\/label>\n\t\t\t\t<div class=\"control-input tf_rel\">\n\t\t\t\t\t\t\t\t\t\t\t\t\t\t\t\t\n\t\t\t\t\t\t\t\t\t<\/div>\n\t\t    <\/div>\n\t    \n\t\t    \t\t    <div class=\"builder-contact-field builder-contact-field-subject builder-contact-text-field\">\n\t\t\t    <label class=\"control-label\" for=\"tb_l5fy35-contact-subject\">\n\t\t\t\t\t\t\t\t\t\t<span class=\"tb-label-span\">Betreff <\/span><span class=\"required\">*<\/span>\t\t\t\t<\/label>\n\t\t\t    <div class=\"control-input tf_rel\">\n\t\t\t\t    \t\t\t\t\t    <input type=\"text\" name=\"contact-subject\" placeholder=\"\" id=\"tb_l5fy35-contact-subject\" value=\"\" class=\"form-control\" required>\n\t\t\t\t    \t\t\t\t    \t\t\t    <\/div>\n\t\t<\/div>\n\t    \n\t\t    \t\t    <div class=\"builder-contact-field builder-contact-field-message builder-contact-textarea-field\">\n\t\t\t    <label class=\"control-label\" for=\"tb_l5fy35-contact-message\">\n\t\t\t\t\t\t\t\t\t\t<span class=\"tb-label-span\">Mitteilung <\/span>\t\t\t\t<\/label>\n\t\t\t    <div class=\"control-input tf_rel\">\n\t\t\t\t    \t\t\t\t\t    <textarea name=\"contact-message\" placeholder=\"\" id=\"tb_l5fy35-contact-message\" class=\"form-control\"><\/textarea>\n\t\t\t\t    \t\t\t\t    \t\t\t    <\/div>\n\t\t<\/div>\n\t    \n\t\t    \t\t\n\t\t\t\t\t<div class=\"builder-contact-field builder-contact-field-gdpr\">\n\t\t\t\t<div class=\"control-label\">\n\t\t\t\t\t<div class=\"control-input tf_rel\">\n\t\t\t\t\t\t<label class=\"field-gdpr\">\n\t\t\t\t\t\t\t<input type=\"checkbox\" name=\"gdpr\" value=\"1\" required>\n\t\t\t\t\t\t\t<span>Ich habe die <a href=\"https:\/\/www.kneipp-sachsen.de\/datenschutzerklaerung\/\" target=\"_blank\">Datenschutz\u00adbestimmungen<\/a> zur Kenntnis genommen. Ich stimme zu, dass meine Angaben elektronisch erhoben und gespeichert werden.<\/span>\n\t\t\t\t\t\t\t<span class=\"required\">*<\/span>\n\t\t\t\t\t\t<\/label>\n\t\t\t\t\t<\/div>\n\t\t\t\t<\/div>\n\t\t\t<\/div>\n\t\t\n\t    \n\t    <div class=\"builder-contact-field builder-contact-field-send control-input tf_textl tf_clear tf_rel\">\n\t\t\t<button type=\"submit\" class=\"btn btn-primary\">\n\t\t\t\t<span class=\"tf_loader\"><\/span>\t\t\t\t<span class=\"tf_submit_icon\"><\/span> \n\t\t\t\tFormular absenden\t\t\t<\/button>\n\t    <\/div>\n\t<\/div>\n    <\/form>\n    <\/div>\n<!-- \/module contact -->\n        <\/div>\n                    <\/div>\n                <\/div>\n                        <\/div>\n        <\/div>\n        <\/div>\n<!--\/themify_builder_content-->","protected":false},"excerpt":{"rendered":"<p>Kontakt Pers\u00f6nliche Daten Anrede * Herr Frau Vorname * Nachname * Adresse Stra\u00dfe + Hausnr. PLZ Ort Kontaktm\u00f6glichkeiten Email * Telefon Mitteilung Betreff * Mitteilung * Ich habe die Datenschutz\u00adbestimmungen zur Kenntnis genommen. Ich stimme zu, dass meine Angaben elektronisch erhoben und gespeichert werden. * Formular absenden<\/p>\n","protected":false},"author":2,"featured_media":0,"parent":58,"menu_order":0,"comment_status":"closed","ping_status":"closed","template":"","meta":{"footnotes":"","advanced-sidebar-menu\/link-title":"","advanced-sidebar-menu\/exclude-page":false},"class_list":["post-60","page","type-page","status-publish","hentry","has-post-title","has-post-date","has-post-category","has-post-tag","has-post-comment","has-post-author",""],"yoast_head":"<!-- This site is optimized with the Yoast SEO plugin v25.6 - https:\/\/yoast.com\/wordpress\/plugins\/seo\/ -->\n<title>Kontakt - Kneipp Verein Sch\u00f6neck e.V.<\/title>\n<meta name=\"robots\" content=\"noindex, follow, max-snippet:-1, max-image-preview:large, max-video-preview:-1\" \/>\n<meta property=\"og:locale\" content=\"de_DE\" \/>\n<meta property=\"og:type\" content=\"article\" \/>\n<meta property=\"og:title\" content=\"Kontakt - Kneipp Verein Sch\u00f6neck e.V.\" \/>\n<meta property=\"og:description\" content=\"Kontakt Pers\u00f6nliche Daten Anrede * Herr Frau Vorname * Nachname * Adresse Stra\u00dfe + Hausnr. PLZ Ort Kontaktm\u00f6glichkeiten Email * Telefon Mitteilung Betreff * Mitteilung * Ich habe die Datenschutz\u00adbestimmungen zur Kenntnis genommen. Ich stimme zu, dass meine Angaben elektronisch erhoben und gespeichert werden. * Formular absenden\" \/>\n<meta property=\"og:url\" content=\"https:\/\/kneipp-sachsen.de\/schoeneck\/wer-wir-sind\/ueber-uns\/kontakt\/\" \/>\n<meta property=\"og:site_name\" content=\"Kneipp Verein Sch\u00f6neck e.V.\" \/>\n<meta property=\"article:modified_time\" content=\"2025-08-02T04:36:37+00:00\" \/>\n<meta name=\"twitter:card\" content=\"summary_large_image\" \/>\n<script type=\"application\/ld+json\" class=\"yoast-schema-graph\">{\"@context\":\"https:\/\/schema.org\",\"@graph\":[{\"@type\":\"WebPage\",\"@id\":\"https:\/\/kneipp-sachsen.de\/schoeneck\/wer-wir-sind\/ueber-uns\/kontakt\/\",\"url\":\"https:\/\/kneipp-sachsen.de\/schoeneck\/wer-wir-sind\/ueber-uns\/kontakt\/\",\"name\":\"Kontakt - Kneipp Verein Sch\u00f6neck e.V.\",\"isPartOf\":{\"@id\":\"https:\/\/kneipp-sachsen.de\/schoeneck\/#website\"},\"datePublished\":\"2021-07-26T20:56:20+00:00\",\"dateModified\":\"2025-08-02T04:36:37+00:00\",\"breadcrumb\":{\"@id\":\"https:\/\/kneipp-sachsen.de\/schoeneck\/wer-wir-sind\/ueber-uns\/kontakt\/#breadcrumb\"},\"inLanguage\":\"de\",\"potentialAction\":[{\"@type\":\"ReadAction\",\"target\":[\"https:\/\/kneipp-sachsen.de\/schoeneck\/wer-wir-sind\/ueber-uns\/kontakt\/\"]}]},{\"@type\":\"BreadcrumbList\",\"@id\":\"https:\/\/kneipp-sachsen.de\/schoeneck\/wer-wir-sind\/ueber-uns\/kontakt\/#breadcrumb\",\"itemListElement\":[{\"@type\":\"ListItem\",\"position\":1,\"name\":\"Startseite\",\"item\":\"https:\/\/kneipp-sachsen.de\/schoeneck\/\"},{\"@type\":\"ListItem\",\"position\":2,\"name\":\"Wer wir sind\",\"item\":\"https:\/\/kneipp-sachsen.de\/schoeneck\/wer-wir-sind\/\"},{\"@type\":\"ListItem\",\"position\":3,\"name\":\"\u00dcber uns\",\"item\":\"https:\/\/kneipp-sachsen.de\/schoeneck\/wer-wir-sind\/ueber-uns\/\"},{\"@type\":\"ListItem\",\"position\":4,\"name\":\"Kontakt\"}]},{\"@type\":\"WebSite\",\"@id\":\"https:\/\/kneipp-sachsen.de\/schoeneck\/#website\",\"url\":\"https:\/\/kneipp-sachsen.de\/schoeneck\/\",\"name\":\"Kneipp-Verein Sch\u00f6neck e.V.\",\"description\":\"Eine weitere WordPress-Website\",\"potentialAction\":[{\"@type\":\"SearchAction\",\"target\":{\"@type\":\"EntryPoint\",\"urlTemplate\":\"https:\/\/kneipp-sachsen.de\/schoeneck\/?s={search_term_string}\"},\"query-input\":{\"@type\":\"PropertyValueSpecification\",\"valueRequired\":true,\"valueName\":\"search_term_string\"}}],\"inLanguage\":\"de\"}]}<\/script>\n<!-- \/ Yoast SEO plugin. -->","yoast_head_json":{"title":"Kontakt - Kneipp Verein Sch\u00f6neck e.V.","robots":{"index":"noindex","follow":"follow","max-snippet":"max-snippet:-1","max-image-preview":"max-image-preview:large","max-video-preview":"max-video-preview:-1"},"og_locale":"de_DE","og_type":"article","og_title":"Kontakt - Kneipp Verein Sch\u00f6neck e.V.","og_description":"Kontakt Pers\u00f6nliche Daten Anrede * Herr Frau Vorname * Nachname * Adresse Stra\u00dfe + Hausnr. PLZ Ort Kontaktm\u00f6glichkeiten Email * Telefon Mitteilung Betreff * Mitteilung * Ich habe die Datenschutz\u00adbestimmungen zur Kenntnis genommen. Ich stimme zu, dass meine Angaben elektronisch erhoben und gespeichert werden. * Formular absenden","og_url":"https:\/\/kneipp-sachsen.de\/schoeneck\/wer-wir-sind\/ueber-uns\/kontakt\/","og_site_name":"Kneipp Verein Sch\u00f6neck e.V.","article_modified_time":"2025-08-02T04:36:37+00:00","twitter_card":"summary_large_image","schema":{"@context":"https:\/\/schema.org","@graph":[{"@type":"WebPage","@id":"https:\/\/kneipp-sachsen.de\/schoeneck\/wer-wir-sind\/ueber-uns\/kontakt\/","url":"https:\/\/kneipp-sachsen.de\/schoeneck\/wer-wir-sind\/ueber-uns\/kontakt\/","name":"Kontakt - Kneipp Verein Sch\u00f6neck e.V.","isPartOf":{"@id":"https:\/\/kneipp-sachsen.de\/schoeneck\/#website"},"datePublished":"2021-07-26T20:56:20+00:00","dateModified":"2025-08-02T04:36:37+00:00","breadcrumb":{"@id":"https:\/\/kneipp-sachsen.de\/schoeneck\/wer-wir-sind\/ueber-uns\/kontakt\/#breadcrumb"},"inLanguage":"de","potentialAction":[{"@type":"ReadAction","target":["https:\/\/kneipp-sachsen.de\/schoeneck\/wer-wir-sind\/ueber-uns\/kontakt\/"]}]},{"@type":"BreadcrumbList","@id":"https:\/\/kneipp-sachsen.de\/schoeneck\/wer-wir-sind\/ueber-uns\/kontakt\/#breadcrumb","itemListElement":[{"@type":"ListItem","position":1,"name":"Startseite","item":"https:\/\/kneipp-sachsen.de\/schoeneck\/"},{"@type":"ListItem","position":2,"name":"Wer wir sind","item":"https:\/\/kneipp-sachsen.de\/schoeneck\/wer-wir-sind\/"},{"@type":"ListItem","position":3,"name":"\u00dcber uns","item":"https:\/\/kneipp-sachsen.de\/schoeneck\/wer-wir-sind\/ueber-uns\/"},{"@type":"ListItem","position":4,"name":"Kontakt"}]},{"@type":"WebSite","@id":"https:\/\/kneipp-sachsen.de\/schoeneck\/#website","url":"https:\/\/kneipp-sachsen.de\/schoeneck\/","name":"Kneipp-Verein Sch\u00f6neck e.V.","description":"Eine weitere WordPress-Website","potentialAction":[{"@type":"SearchAction","target":{"@type":"EntryPoint","urlTemplate":"https:\/\/kneipp-sachsen.de\/schoeneck\/?s={search_term_string}"},"query-input":{"@type":"PropertyValueSpecification","valueRequired":true,"valueName":"search_term_string"}}],"inLanguage":"de"}]}},"builder_content":"<h1>Kontakt<br\/><\/h1>\n<form id=\"tb_l5fy35-form\" method=\"post\" data-post-id=\"0\" data-element-id=\"l5fy35\" data-orig-id=\"60\" > <label> <h3>Pers\u00f6nliche Daten<\/h3> <\/label> <label for=\"field_extra_tb_l5fy35_1\"> Anrede <input type=\"hidden\" name=\"field_extra_name_1\" value=\"Anrede\"> * <\/label> <select id=\"field_extra_tb_l5fy35_1\" name=\"field_extra_1\" required> <option value=\"Herr\"> Herr <\/option> <option value=\"Frau\"> Frau <\/option> <\/select> <label for=\"field_extra_tb_l5fy35_2\"> Vorname <input type=\"hidden\" name=\"field_extra_name_2\" value=\"Vorname\"> * <\/label> <input type=\"text\" name=\"field_extra_2\" id=\"field_extra_tb_l5fy35_2\" placeholder=\"\" required> <label for=\"tb_l5fy35-contact-name\"> Nachname * <\/label> <input type=\"text\" name=\"contact-name\" placeholder=\"\" id=\"tb_l5fy35-contact-name\" value=\"\" required> <label> <h3>Adresse<\/h3> <\/label> <label for=\"field_extra_tb_l5fy35_4\"> Stra\u00dfe + Hausnr. <input type=\"hidden\" name=\"field_extra_name_4\" value=\"Stra\u00dfe + Hausnr.\"> <\/label> <input type=\"text\" name=\"field_extra_4\" id=\"field_extra_tb_l5fy35_4\" placeholder=\"\"> <label for=\"field_extra_tb_l5fy35_5\"> PLZ <input type=\"hidden\" name=\"field_extra_name_5\" value=\"PLZ\"> <\/label> <input type=\"text\" name=\"field_extra_5\" id=\"field_extra_tb_l5fy35_5\" placeholder=\"\"> <label for=\"field_extra_tb_l5fy35_6\"> Ort <input type=\"hidden\" name=\"field_extra_name_6\" value=\"Ort\"> <\/label> <input type=\"text\" name=\"field_extra_6\" id=\"field_extra_tb_l5fy35_6\" placeholder=\"\"> <label> <h3>Kontaktm\u00f6glichkeiten<\/h3> <\/label> <label for=\"tb_l5fy35-contact-email\"> Email * <\/label> <input type=\"email\" name=\"contact-email\" placeholder=\"\" id=\"tb_l5fy35-contact-email\" value=\"\" required> <label for=\"field_extra_tb_l5fy35_8\"> Telefon <input type=\"hidden\" name=\"field_extra_name_8\" value=\"Telefon\"> <\/label> <input type=\"tel\" name=\"field_extra_8\" id=\"field_extra_tb_l5fy35_8\" placeholder=\"\"> <label> <h3>Mitteilung<\/h3> <\/label> <label for=\"tb_l5fy35-contact-subject\"> Betreff * <\/label> <input type=\"text\" name=\"contact-subject\" placeholder=\"\" id=\"tb_l5fy35-contact-subject\" value=\"\" required> <label for=\"tb_l5fy35-contact-message\"> Mitteilung <\/label> <textarea name=\"contact-message\" placeholder=\"\" id=\"tb_l5fy35-contact-message\"><\/textarea> <label> <input type=\"checkbox\" name=\"gdpr\" value=\"1\" required> Ich habe die <a href=\"https:\/\/www.kneipp-sachsen.de\/datenschutzerklaerung\/\" target=\"_blank\">Datenschutz\u00adbestimmungen<\/a> zur Kenntnis genommen. Ich stimme zu, dass meine Angaben elektronisch erhoben und gespeichert werden. * <\/label> <button type=\"submit\"> Formular absenden <\/button> <\/form>","_links":{"self":[{"href":"https:\/\/kneipp-sachsen.de\/schoeneck\/wp-json\/wp\/v2\/pages\/60","targetHints":{"allow":["GET"]}}],"collection":[{"href":"https:\/\/kneipp-sachsen.de\/schoeneck\/wp-json\/wp\/v2\/pages"}],"about":[{"href":"https:\/\/kneipp-sachsen.de\/schoeneck\/wp-json\/wp\/v2\/types\/page"}],"author":[{"embeddable":true,"href":"https:\/\/kneipp-sachsen.de\/schoeneck\/wp-json\/wp\/v2\/users\/2"}],"replies":[{"embeddable":true,"href":"https:\/\/kneipp-sachsen.de\/schoeneck\/wp-json\/wp\/v2\/comments?post=60"}],"version-history":[{"count":4,"href":"https:\/\/kneipp-sachsen.de\/schoeneck\/wp-json\/wp\/v2\/pages\/60\/revisions"}],"predecessor-version":[{"id":485,"href":"https:\/\/kneipp-sachsen.de\/schoeneck\/wp-json\/wp\/v2\/pages\/60\/revisions\/485"}],"up":[{"embeddable":true,"href":"https:\/\/kneipp-sachsen.de\/schoeneck\/wp-json\/wp\/v2\/pages\/58"}],"wp:attachment":[{"href":"https:\/\/kneipp-sachsen.de\/schoeneck\/wp-json\/wp\/v2\/media?parent=60"}],"curies":[{"name":"wp","href":"https:\/\/api.w.org\/{rel}","templated":true}]}}