{"id":64,"date":"2021-07-26T22:58:16","date_gmt":"2021-07-26T20:58:16","guid":{"rendered":"https:\/\/www.kneipp-sachsen.de\/bad-schlema\/?page_id=64"},"modified":"2025-08-02T06:08:07","modified_gmt":"2025-08-02T04:08:07","slug":"wer-wir-sind","status":"publish","type":"page","link":"https:\/\/kneipp-sachsen.de\/schoeneck\/wer-wir-sind\/","title":{"rendered":"Wer wir sind"},"content":{"rendered":"<!--themify_builder_content-->\n<div id=\"themify_builder_content-64\" data-postid=\"64\" class=\"themify_builder_content themify_builder_content-64 themify_builder tf_clear\">\n                    <div  data-lazy=\"1\" class=\"module_row themify_builder_row tb_ftw4301 tb_first tf_w\">\n                        <div class=\"row_inner col_align_top tb_col_count_1 tf_box tf_rel\">\n                        <div  data-lazy=\"1\" class=\"module_column tb-column col-full tb_aszy308 first\">\n                            <div  data-lazy=\"1\" class=\"module_subrow themify_builder_sub_row tf_w col_align_top tb_col_count_1 tb_vxi6309\">\n                <div  data-lazy=\"1\" class=\"module_column sub_column col-full tb_j7db312 first\">\n                    <!-- module fancy heading -->\n<div  class=\"module module-fancy-heading tb_9e2g317  tb_hide_divider\" data-lazy=\"1\">\n        <h2 class=\"fancy-heading\">\n    <span class=\"main-head tf_block\">\n                    Vorstand            <\/span>\n\n    \n    <span class=\"sub-head tf_block tf_rel\">\n                                <\/span>\n    <\/h2>\n<\/div>\n<!-- \/module fancy heading -->\n        <\/div>\n                    <\/div>\n                <div  data-lazy=\"1\" class=\"module_subrow themify_builder_sub_row tf_w col_align_top tb_col_count_1 tb_nw19925\">\n                <div  data-lazy=\"1\" class=\"module_column sub_column col-full tb_nnmf925 first\">\n                    <!-- module text -->\n<div  class=\"module module-text tb_baux190   \" data-lazy=\"1\">\n        <div  class=\"tb_text_wrap\">\n        <p><strong>Kneipp-Verein Sch\u00f6neck e.V.<\/strong><\/p>    <\/div>\n<\/div>\n<!-- \/module text -->        <\/div>\n                    <\/div>\n                <\/div>\n                        <\/div>\n        <\/div>\n                        <div  data-lazy=\"1\" class=\"module_row themify_builder_row tb_wd39143 tf_w\">\n                        <div class=\"row_inner col_align_top tb_col_count_1 tf_box tf_rel\">\n                        <div  data-lazy=\"1\" class=\"module_column tb-column col-full tb_cyqx143 first\">\n                            <div  data-lazy=\"1\" class=\"module_subrow themify_builder_sub_row tf_w col_align_top tb_col_count_1 tb_jdlf153\">\n                <div  data-lazy=\"1\" class=\"module_column sub_column col-full tb_4v96153 first\">\n                    <!-- module image -->\n<div  class=\"module module-image tb_3ye7838 image-top rounded  tf_mw\" data-lazy=\"1\">\n        <div class=\"image-wrap tf_rel tf_mw\">\n            <img loading=\"lazy\" decoding=\"async\" width=\"1757\" height=\"959\" src=\"https:\/\/kneipp-sachsen.de\/schoeneck\/wp-content\/uploads\/2025\/08\/Vorstand_Kneipp_05_25.jpg\" class=\"wp-post-image wp-image-465\" title=\"Vorstand_Kneipp_05_25\" alt=\"Vorstand_Kneipp_05_25\" srcset=\"https:\/\/kneipp-sachsen.de\/schoeneck\/wp-content\/uploads\/2025\/08\/Vorstand_Kneipp_05_25.jpg 1757w, https:\/\/kneipp-sachsen.de\/schoeneck\/wp-content\/uploads\/2025\/08\/Vorstand_Kneipp_05_25-300x164.jpg 300w, https:\/\/kneipp-sachsen.de\/schoeneck\/wp-content\/uploads\/2025\/08\/Vorstand_Kneipp_05_25-1024x559.jpg 1024w, https:\/\/kneipp-sachsen.de\/schoeneck\/wp-content\/uploads\/2025\/08\/Vorstand_Kneipp_05_25-768x419.jpg 768w, https:\/\/kneipp-sachsen.de\/schoeneck\/wp-content\/uploads\/2025\/08\/Vorstand_Kneipp_05_25-1536x838.jpg 1536w\" sizes=\"auto, (max-width: 1757px) 100vw, 1757px\" \/>    \n        <\/div>\n    <!-- \/image-wrap -->\n    \n        <\/div>\n<!-- \/module image -->        <\/div>\n                    <\/div>\n                <\/div>\n                        <\/div>\n        <\/div>\n                        <div  data-lazy=\"1\" class=\"module_row themify_builder_row tb_8lme274 tf_w\">\n                        <div class=\"row_inner col_align_top tb_col_count_1 tf_box tf_rel\">\n                        <div  data-lazy=\"1\" class=\"module_column tb-column col-full tb_zhho274 first\">\n                    <!-- module text -->\n<div  class=\"module module-text tb_cci9718   \" data-lazy=\"1\">\n        <div  class=\"tb_text_wrap\">\n        <p style=\"text-align: center;\">Vorsitzende Kerstin Weinper<br>Stellv. Vorsitzender Dr. med. Gregor D\u00f6ring<br>Schatzmeisterin Petra Hildebrand<br>Beisitzerin Claudia Bangert<br>Beisitzerin Sandra Engelbrecht<br>Beisitzerin Bianca Weigelt<br>Kassenpr\u00fcferin Sandy Schmidt<br>Kassenpr\u00fcferin Manuela Petermann<br>Beratend f\u00fcr den Vorstand: Heike Meinel, Dr. Ing. Danny Messig<\/p>    <\/div>\n<\/div>\n<!-- \/module text -->        <\/div>\n                        <\/div>\n        <\/div>\n        <\/div>\n<!--\/themify_builder_content-->","protected":false},"excerpt":{"rendered":"<p>Kneipp-Verein Sch\u00f6neck e.V.<\/p>\n","protected":false},"author":2,"featured_media":0,"parent":0,"menu_order":0,"comment_status":"closed","ping_status":"closed","template":"","meta":{"footnotes":"","advanced-sidebar-menu\/link-title":"","advanced-sidebar-menu\/exclude-page":false},"class_list":["post-64","page","type-page","status-publish","hentry","has-post-title","has-post-date","has-post-category","has-post-tag","has-post-comment","has-post-author",""],"yoast_head":"<!-- This site is optimized with the Yoast SEO plugin v25.6 - https:\/\/yoast.com\/wordpress\/plugins\/seo\/ -->\n<title>Wer wir sind - Kneipp Verein Sch\u00f6neck e.V.<\/title>\n<meta name=\"description\" content=\"Der Kneipp-Verein Bad Schlema e.V. ist ein s\u00e4chsischer Verein und im Kneipp-Bund Landesverband Sachsen e.V. beheimatet.\" \/>\n<meta name=\"robots\" content=\"noindex, follow, max-snippet:-1, max-image-preview:large, max-video-preview:-1\" \/>\n<meta property=\"og:locale\" content=\"de_DE\" \/>\n<meta property=\"og:type\" content=\"article\" \/>\n<meta property=\"og:title\" content=\"Wer wir sind - Kneipp Verein Sch\u00f6neck e.V.\" \/>\n<meta property=\"og:description\" content=\"Der Kneipp-Verein Bad Schlema e.V. ist ein s\u00e4chsischer Verein und im Kneipp-Bund Landesverband Sachsen e.V. beheimatet.\" \/>\n<meta property=\"og:url\" content=\"https:\/\/kneipp-sachsen.de\/schoeneck\/wer-wir-sind\/\" \/>\n<meta property=\"og:site_name\" content=\"Kneipp Verein Sch\u00f6neck e.V.\" \/>\n<meta property=\"article:modified_time\" content=\"2025-08-02T04:08:07+00:00\" \/>\n<meta property=\"og:image\" content=\"https:\/\/kneipp-sachsen.de\/schoeneck\/wp-content\/uploads\/2025\/08\/Vorstand_Kneipp_05_25.jpg\" \/>\n\t<meta property=\"og:image:width\" content=\"1757\" \/>\n\t<meta property=\"og:image:height\" content=\"959\" \/>\n\t<meta property=\"og:image:type\" content=\"image\/jpeg\" \/>\n<meta name=\"twitter:card\" content=\"summary_large_image\" \/>\n<script type=\"application\/ld+json\" class=\"yoast-schema-graph\">{\"@context\":\"https:\/\/schema.org\",\"@graph\":[{\"@type\":\"WebPage\",\"@id\":\"https:\/\/kneipp-sachsen.de\/schoeneck\/wer-wir-sind\/\",\"url\":\"https:\/\/kneipp-sachsen.de\/schoeneck\/wer-wir-sind\/\",\"name\":\"Wer wir sind - Kneipp Verein Sch\u00f6neck e.V.\",\"isPartOf\":{\"@id\":\"https:\/\/kneipp-sachsen.de\/schoeneck\/#website\"},\"primaryImageOfPage\":{\"@id\":\"https:\/\/kneipp-sachsen.de\/schoeneck\/wer-wir-sind\/#primaryimage\"},\"image\":{\"@id\":\"https:\/\/kneipp-sachsen.de\/schoeneck\/wer-wir-sind\/#primaryimage\"},\"thumbnailUrl\":\"https:\/\/kneipp-sachsen.de\/schoeneck\/wp-content\/uploads\/2025\/08\/Vorstand_Kneipp_05_25.jpg\",\"datePublished\":\"2021-07-26T20:58:16+00:00\",\"dateModified\":\"2025-08-02T04:08:07+00:00\",\"description\":\"Der Kneipp-Verein Bad Schlema e.V. ist ein s\u00e4chsischer Verein und im Kneipp-Bund Landesverband Sachsen e.V. beheimatet.\",\"breadcrumb\":{\"@id\":\"https:\/\/kneipp-sachsen.de\/schoeneck\/wer-wir-sind\/#breadcrumb\"},\"inLanguage\":\"de\",\"potentialAction\":[{\"@type\":\"ReadAction\",\"target\":[\"https:\/\/kneipp-sachsen.de\/schoeneck\/wer-wir-sind\/\"]}]},{\"@type\":\"ImageObject\",\"inLanguage\":\"de\",\"@id\":\"https:\/\/kneipp-sachsen.de\/schoeneck\/wer-wir-sind\/#primaryimage\",\"url\":\"https:\/\/kneipp-sachsen.de\/schoeneck\/wp-content\/uploads\/2025\/08\/Vorstand_Kneipp_05_25.jpg\",\"contentUrl\":\"https:\/\/kneipp-sachsen.de\/schoeneck\/wp-content\/uploads\/2025\/08\/Vorstand_Kneipp_05_25.jpg\",\"width\":1757,\"height\":959},{\"@type\":\"BreadcrumbList\",\"@id\":\"https:\/\/kneipp-sachsen.de\/schoeneck\/wer-wir-sind\/#breadcrumb\",\"itemListElement\":[{\"@type\":\"ListItem\",\"position\":1,\"name\":\"Startseite\",\"item\":\"https:\/\/kneipp-sachsen.de\/schoeneck\/\"},{\"@type\":\"ListItem\",\"position\":2,\"name\":\"Wer wir sind\"}]},{\"@type\":\"WebSite\",\"@id\":\"https:\/\/kneipp-sachsen.de\/schoeneck\/#website\",\"url\":\"https:\/\/kneipp-sachsen.de\/schoeneck\/\",\"name\":\"Kneipp-Verein Sch\u00f6neck e.V.\",\"description\":\"Eine weitere WordPress-Website\",\"potentialAction\":[{\"@type\":\"SearchAction\",\"target\":{\"@type\":\"EntryPoint\",\"urlTemplate\":\"https:\/\/kneipp-sachsen.de\/schoeneck\/?s={search_term_string}\"},\"query-input\":{\"@type\":\"PropertyValueSpecification\",\"valueRequired\":true,\"valueName\":\"search_term_string\"}}],\"inLanguage\":\"de\"}]}<\/script>\n<!-- \/ Yoast SEO plugin. -->","yoast_head_json":{"title":"Wer wir sind - Kneipp Verein Sch\u00f6neck e.V.","description":"Der Kneipp-Verein Bad Schlema e.V. ist ein s\u00e4chsischer Verein und im Kneipp-Bund Landesverband Sachsen e.V. beheimatet.","robots":{"index":"noindex","follow":"follow","max-snippet":"max-snippet:-1","max-image-preview":"max-image-preview:large","max-video-preview":"max-video-preview:-1"},"og_locale":"de_DE","og_type":"article","og_title":"Wer wir sind - Kneipp Verein Sch\u00f6neck e.V.","og_description":"Der Kneipp-Verein Bad Schlema e.V. ist ein s\u00e4chsischer Verein und im Kneipp-Bund Landesverband Sachsen e.V. beheimatet.","og_url":"https:\/\/kneipp-sachsen.de\/schoeneck\/wer-wir-sind\/","og_site_name":"Kneipp Verein Sch\u00f6neck e.V.","article_modified_time":"2025-08-02T04:08:07+00:00","og_image":[{"width":1757,"height":959,"url":"https:\/\/kneipp-sachsen.de\/schoeneck\/wp-content\/uploads\/2025\/08\/Vorstand_Kneipp_05_25.jpg","type":"image\/jpeg"}],"twitter_card":"summary_large_image","schema":{"@context":"https:\/\/schema.org","@graph":[{"@type":"WebPage","@id":"https:\/\/kneipp-sachsen.de\/schoeneck\/wer-wir-sind\/","url":"https:\/\/kneipp-sachsen.de\/schoeneck\/wer-wir-sind\/","name":"Wer wir sind - Kneipp Verein Sch\u00f6neck e.V.","isPartOf":{"@id":"https:\/\/kneipp-sachsen.de\/schoeneck\/#website"},"primaryImageOfPage":{"@id":"https:\/\/kneipp-sachsen.de\/schoeneck\/wer-wir-sind\/#primaryimage"},"image":{"@id":"https:\/\/kneipp-sachsen.de\/schoeneck\/wer-wir-sind\/#primaryimage"},"thumbnailUrl":"https:\/\/kneipp-sachsen.de\/schoeneck\/wp-content\/uploads\/2025\/08\/Vorstand_Kneipp_05_25.jpg","datePublished":"2021-07-26T20:58:16+00:00","dateModified":"2025-08-02T04:08:07+00:00","description":"Der Kneipp-Verein Bad Schlema e.V. ist ein s\u00e4chsischer Verein und im Kneipp-Bund Landesverband Sachsen e.V. beheimatet.","breadcrumb":{"@id":"https:\/\/kneipp-sachsen.de\/schoeneck\/wer-wir-sind\/#breadcrumb"},"inLanguage":"de","potentialAction":[{"@type":"ReadAction","target":["https:\/\/kneipp-sachsen.de\/schoeneck\/wer-wir-sind\/"]}]},{"@type":"ImageObject","inLanguage":"de","@id":"https:\/\/kneipp-sachsen.de\/schoeneck\/wer-wir-sind\/#primaryimage","url":"https:\/\/kneipp-sachsen.de\/schoeneck\/wp-content\/uploads\/2025\/08\/Vorstand_Kneipp_05_25.jpg","contentUrl":"https:\/\/kneipp-sachsen.de\/schoeneck\/wp-content\/uploads\/2025\/08\/Vorstand_Kneipp_05_25.jpg","width":1757,"height":959},{"@type":"BreadcrumbList","@id":"https:\/\/kneipp-sachsen.de\/schoeneck\/wer-wir-sind\/#breadcrumb","itemListElement":[{"@type":"ListItem","position":1,"name":"Startseite","item":"https:\/\/kneipp-sachsen.de\/schoeneck\/"},{"@type":"ListItem","position":2,"name":"Wer wir sind"}]},{"@type":"WebSite","@id":"https:\/\/kneipp-sachsen.de\/schoeneck\/#website","url":"https:\/\/kneipp-sachsen.de\/schoeneck\/","name":"Kneipp-Verein Sch\u00f6neck e.V.","description":"Eine weitere WordPress-Website","potentialAction":[{"@type":"SearchAction","target":{"@type":"EntryPoint","urlTemplate":"https:\/\/kneipp-sachsen.de\/schoeneck\/?s={search_term_string}"},"query-input":{"@type":"PropertyValueSpecification","valueRequired":true,"valueName":"search_term_string"}}],"inLanguage":"de"}]}},"builder_content":"<h2>Vorstand<br\/><\/h2>\n<p><strong>Kneipp-Verein Sch\u00f6neck e.V.<\/strong><\/p>\n<img src=\"https:\/\/kneipp-sachsen.de\/schoeneck\/wp-content\/uploads\/2025\/08\/Vorstand_Kneipp_05_25.jpg\" title=\"Vorstand_Kneipp_05_25\" alt=\"Vorstand_Kneipp_05_25\" srcset=\"https:\/\/kneipp-sachsen.de\/schoeneck\/wp-content\/uploads\/2025\/08\/Vorstand_Kneipp_05_25.jpg 1757w, https:\/\/kneipp-sachsen.de\/schoeneck\/wp-content\/uploads\/2025\/08\/Vorstand_Kneipp_05_25-300x164.jpg 300w, https:\/\/kneipp-sachsen.de\/schoeneck\/wp-content\/uploads\/2025\/08\/Vorstand_Kneipp_05_25-1024x559.jpg 1024w, https:\/\/kneipp-sachsen.de\/schoeneck\/wp-content\/uploads\/2025\/08\/Vorstand_Kneipp_05_25-768x419.jpg 768w, https:\/\/kneipp-sachsen.de\/schoeneck\/wp-content\/uploads\/2025\/08\/Vorstand_Kneipp_05_25-1536x838.jpg 1536w\" sizes=\"(max-width: 1757px) 100vw, 1757px\" \/>\n<p style=\"text-align: center;\">Vorsitzende Kerstin Weinper<br>Stellv. Vorsitzender Dr. med. Gregor D\u00f6ring<br>Schatzmeisterin Petra Hildebrand<br>Beisitzerin Claudia Bangert<br>Beisitzerin Sandra Engelbrecht<br>Beisitzerin Bianca Weigelt<br>Kassenpr\u00fcferin Sandy Schmidt<br>Kassenpr\u00fcferin Manuela Petermann<br>Beratend f\u00fcr den Vorstand: Heike Meinel, Dr. Ing. Danny Messig<\/p>","_links":{"self":[{"href":"https:\/\/kneipp-sachsen.de\/schoeneck\/wp-json\/wp\/v2\/pages\/64","targetHints":{"allow":["GET"]}}],"collection":[{"href":"https:\/\/kneipp-sachsen.de\/schoeneck\/wp-json\/wp\/v2\/pages"}],"about":[{"href":"https:\/\/kneipp-sachsen.de\/schoeneck\/wp-json\/wp\/v2\/types\/page"}],"author":[{"embeddable":true,"href":"https:\/\/kneipp-sachsen.de\/schoeneck\/wp-json\/wp\/v2\/users\/2"}],"replies":[{"embeddable":true,"href":"https:\/\/kneipp-sachsen.de\/schoeneck\/wp-json\/wp\/v2\/comments?post=64"}],"version-history":[{"count":32,"href":"https:\/\/kneipp-sachsen.de\/schoeneck\/wp-json\/wp\/v2\/pages\/64\/revisions"}],"predecessor-version":[{"id":471,"href":"https:\/\/kneipp-sachsen.de\/schoeneck\/wp-json\/wp\/v2\/pages\/64\/revisions\/471"}],"wp:attachment":[{"href":"https:\/\/kneipp-sachsen.de\/schoeneck\/wp-json\/wp\/v2\/media?parent=64"}],"curies":[{"name":"wp","href":"https:\/\/api.w.org\/{rel}","templated":true}]}}